{"id":1071,"date":"2025-08-19T11:39:03","date_gmt":"2025-08-19T09:39:03","guid":{"rendered":"https:\/\/crossfitkriden.com\/?page_id=1071"},"modified":"2026-03-03T09:33:03","modified_gmt":"2026-03-03T08:33:03","slug":"2026-06-07-hyrox-simulation-infos","status":"publish","type":"page","link":"https:\/\/crossfitkriden.com\/index.php\/2026-06-07-hyrox-simulation-infos\/","title":{"rendered":"2026.06.07 &#8211; Hyrox Simulation : Infos"},"content":{"rendered":"\t\t<div data-elementor-type=\"wp-page\" data-elementor-id=\"1071\" class=\"elementor elementor-1071\">\n\t\t\t\t\t\t<section class=\"elementor-section elementor-top-section elementor-element elementor-element-1b4816a elementor-section-boxed elementor-section-height-default elementor-section-height-default\" data-id=\"1b4816a\" data-element_type=\"section\" data-e-type=\"section\">\n\t\t\t\t\t\t<div class=\"elementor-container elementor-column-gap-default\">\n\t\t\t\t\t<div class=\"elementor-column elementor-col-100 elementor-top-column elementor-element elementor-element-05a3d8b\" data-id=\"05a3d8b\" data-element_type=\"column\" data-e-type=\"column\">\n\t\t\t<div class=\"elementor-widget-wrap elementor-element-populated\">\n\t\t\t\t\t\t<div class=\"elementor-element elementor-element-c2f2e50 elementor-widget__width-initial elementor-widget elementor-widget-text-editor\" data-id=\"c2f2e50\" data-element_type=\"widget\" data-e-type=\"widget\" data-widget_type=\"text-editor.default\">\n\t\t\t\t<div class=\"elementor-widget-container\">\n\t\t\t\t\t\t\t\t\t<p><strong>Infos g\u00e9n\u00e9rales :<\/strong><\/p><ul><li><p>Lieu : CrossFit Kriden (Anderlues)<\/p><\/li><li><p>D\u00e9parts entre 9h et 17h30<\/p><\/li><li><p>Format de course complet 8x1km de run + 8 WOD<\/p><\/li><li><p>Le\u00a0 RUN\u00a0 se fera dehors<\/p><\/li><li><p>Pas de juge sur le parcours, ni pour les WOD<\/p><\/li><li><p>Pr\u00e9voyez votre propre chrono<\/p><\/li><li><p>Votre heure de d\u00e9part sera annonc\u00e9e le 29 mai au plus tard<\/p><\/li><\/ul><p><strong>Inscriptions :<\/strong><\/p><p>Maximum 38 d\u00e9parts (inscriptions) pour la journ\u00e9e<\/p>\t\t\t\t\t\t\t\t<\/div>\n\t\t\t\t<\/div>\n\t\t\t\t\t<\/div>\n\t\t<\/div>\n\t\t\t\t\t<\/div>\n\t\t<\/section>\n\t\t\t\t<section class=\"elementor-section elementor-top-section elementor-element elementor-element-c7b0b1b elementor-section-boxed elementor-section-height-default elementor-section-height-default\" data-id=\"c7b0b1b\" data-element_type=\"section\" data-e-type=\"section\">\n\t\t\t\t\t\t<div class=\"elementor-container elementor-column-gap-default\">\n\t\t\t\t\t<div class=\"elementor-column elementor-col-100 elementor-top-column elementor-element elementor-element-d840309\" data-id=\"d840309\" data-element_type=\"column\" data-e-type=\"column\">\n\t\t\t<div class=\"elementor-widget-wrap elementor-element-populated\">\n\t\t\t\t\t\t<div class=\"elementor-element elementor-element-99c7642 elementor-align-left elementor-widget__width-inherit elementor-widget elementor-widget-button\" data-id=\"99c7642\" data-element_type=\"widget\" data-e-type=\"widget\" data-widget_type=\"button.default\">\n\t\t\t\t<div class=\"elementor-widget-container\">\n\t\t\t\t\t\t\t\t\t<div class=\"elementor-button-wrapper\">\n\t\t\t\t\t<a class=\"elementor-button elementor-button-link elementor-size-sm\" href=\"https:\/\/www.cognitoforms.com\/CrossFitKriden1\/HYROXSimulation7Juin2026\">\n\t\t\t\t\t\t<span class=\"elementor-button-content-wrapper\">\n\t\t\t\t\t\t\t\t\t<span class=\"elementor-button-text\">INSCRIPTIONS<\/span>\n\t\t\t\t\t<\/span>\n\t\t\t\t\t<\/a>\n\t\t\t\t<\/div>\n\t\t\t\t\t\t\t\t<\/div>\n\t\t\t\t<\/div>\n\t\t\t\t\t<\/div>\n\t\t<\/div>\n\t\t\t\t\t<\/div>\n\t\t<\/section>\n\t\t\t\t<section class=\"elementor-section elementor-top-section elementor-element elementor-element-b739401 elementor-section-boxed elementor-section-height-default elementor-section-height-default\" data-id=\"b739401\" data-element_type=\"section\" data-e-type=\"section\">\n\t\t\t\t\t\t<div class=\"elementor-container elementor-column-gap-default\">\n\t\t\t\t\t<div class=\"elementor-column elementor-col-100 elementor-top-column elementor-element elementor-element-f1a2663\" data-id=\"f1a2663\" data-element_type=\"column\" data-e-type=\"column\">\n\t\t\t<div class=\"elementor-widget-wrap elementor-element-populated\">\n\t\t\t\t\t\t<div class=\"elementor-element elementor-element-76e26c3 elementor-widget elementor-widget-text-editor\" data-id=\"76e26c3\" data-element_type=\"widget\" data-e-type=\"widget\" data-widget_type=\"text-editor.default\">\n\t\t\t\t<div class=\"elementor-widget-container\">\n\t\t\t\t\t\t\t\t\t<p>\u00a0<\/p><p>\u00a0<\/p><p><strong>D\u00e9tails pour la course :<\/strong><\/p><p><a href=\"https:\/\/crossfitkriden.com\/index.php\/2026-06-07-hyrox-simulation-details-course\/\">DETAILS DE COURSE<\/a><\/p><p><strong>Lien vers l&#8217;horaire des d\u00e9parts :<\/strong><\/p><p><a href=\"https:\/\/crossfitkriden.com\/index.php\/2026-06-07-hyrox-simulation-horaires-de-depart\/\">HORAIRES DE DEPART<\/a><\/p>\t\t\t\t\t\t\t\t<\/div>\n\t\t\t\t<\/div>\n\t\t\t\t\t<\/div>\n\t\t<\/div>\n\t\t\t\t\t<\/div>\n\t\t<\/section>\n\t\t\t\t<\/div>\n\t\t","protected":false},"excerpt":{"rendered":"<p>Infos g\u00e9n\u00e9rales : Lieu : CrossFit Kriden (Anderlues) D\u00e9parts entre 9h et 17h30 Format de course complet 8x1km de run + 8 WOD Le\u00a0 RUN\u00a0 se fera dehors Pas de juge sur le parcours, ni pour les WOD Pr\u00e9voyez votre propre chrono Votre heure de d\u00e9part sera annonc\u00e9e le 29 mai au plus tard Inscriptions [&hellip;]<\/p>\n","protected":false},"author":1,"featured_media":0,"parent":0,"menu_order":0,"comment_status":"closed","ping_status":"closed","template":"","meta":{"footnotes":""},"class_list":["post-1071","page","type-page","status-publish","hentry"],"_links":{"self":[{"href":"https:\/\/crossfitkriden.com\/index.php\/wp-json\/wp\/v2\/pages\/1071","targetHints":{"allow":["GET"]}}],"collection":[{"href":"https:\/\/crossfitkriden.com\/index.php\/wp-json\/wp\/v2\/pages"}],"about":[{"href":"https:\/\/crossfitkriden.com\/index.php\/wp-json\/wp\/v2\/types\/page"}],"author":[{"embeddable":true,"href":"https:\/\/crossfitkriden.com\/index.php\/wp-json\/wp\/v2\/users\/1"}],"replies":[{"embeddable":true,"href":"https:\/\/crossfitkriden.com\/index.php\/wp-json\/wp\/v2\/comments?post=1071"}],"version-history":[{"count":35,"href":"https:\/\/crossfitkriden.com\/index.php\/wp-json\/wp\/v2\/pages\/1071\/revisions"}],"predecessor-version":[{"id":1684,"href":"https:\/\/crossfitkriden.com\/index.php\/wp-json\/wp\/v2\/pages\/1071\/revisions\/1684"}],"wp:attachment":[{"href":"https:\/\/crossfitkriden.com\/index.php\/wp-json\/wp\/v2\/media?parent=1071"}],"curies":[{"name":"wp","href":"https:\/\/api.w.org\/{rel}","templated":true}]}}