{"id":108,"date":"2020-01-05T14:23:52","date_gmt":"2020-01-05T13:23:52","guid":{"rendered":"http:\/\/crossfitkriden.com\/?page_id=108"},"modified":"2025-11-14T09:01:46","modified_gmt":"2025-11-14T08:01:46","slug":"horaire-debutants","status":"publish","type":"page","link":"https:\/\/crossfitkriden.com\/index.php\/horaire-debutants\/","title":{"rendered":"Horaire d\u00e9butants"},"content":{"rendered":"\t\t<div data-elementor-type=\"wp-page\" data-elementor-id=\"108\" class=\"elementor elementor-108\">\n\t\t\t\t\t\t<section class=\"elementor-section elementor-top-section elementor-element elementor-element-e96d4f9 elementor-section-boxed elementor-section-height-default elementor-section-height-default\" data-id=\"e96d4f9\" data-element_type=\"section\" data-e-type=\"section\">\n\t\t\t\t\t\t<div class=\"elementor-container elementor-column-gap-default\">\n\t\t\t\t\t<div class=\"elementor-column elementor-col-100 elementor-top-column elementor-element elementor-element-b06f437\" data-id=\"b06f437\" data-element_type=\"column\" data-e-type=\"column\">\n\t\t\t<div class=\"elementor-widget-wrap elementor-element-populated\">\n\t\t\t\t\t\t<div class=\"elementor-element elementor-element-fc649a8 elementor-widget elementor-widget-text-editor\" data-id=\"fc649a8\" data-element_type=\"widget\" data-e-type=\"widget\" data-widget_type=\"text-editor.default\">\n\t\t\t\t<div class=\"elementor-widget-container\">\n\t\t\t\t\t\t\t\t\t<p><strong><em>REM : Avant de venir \u00e0 votre premi\u00e8re s\u00e9ance, merci de prendre contact avec nous.<\/em><\/strong><\/p>\n<p><strong><em>&nbsp;<\/em><\/strong><\/p>\n<p><strong><em>Horaire d\u00e9butant CrossFit<\/em><\/strong><\/p>\n<ul>\n<li>Lundi : de 11h00 \u00e0 12h00, de 12h15 \u00e0 13h15 et de 19h00 \u00e0 20h00 + de 20h00 \u00e0 21h00<\/li>\n<li>Mardi : de 11h00 \u00e0 12h00, de 12h15 \u00e0 13h15 et de 19h00 \u00e0 20h00 + de 20h00 \u00e0 21h00<\/li>\n<li>Mercredi : de 11h \u00e0 12h00 et de 19h00 \u00e0 20h00, + de 20h00 \u00e0 21h00<\/li>\n<li>Jeudi : de 11h00 \u00e0 12h00, de 12h15 \u00e0 13h15 et de 19h00 \u00e0 20h00 + de 20h00 \u00e0 21h00<\/li>\n<li>Vendredi : de 12h15 \u00e0 13h15<\/li>\n<li>Samedi : de 12h00 \u00e0 13h00<\/li>\n<li>Dimanche : de 10h00 \u00e0 11h00<\/li>\n<\/ul>\n<div><span style=\"font-family: Barlow, sans-serif;\">&nbsp;<\/span><\/div>\n<p>!!!<strong>&nbsp;Si vous n&#8217;avez jamais fait de CrossFit<\/strong><\/p>\n<p>Vous devrez obligatoirement suivre 1 s\u00e9ance d\u00e9couverte + 2 s\u00e9ances d\u00e9butants<\/p>\n<p>Les s\u00e9ances d\u00e9couvertes sont r\u00e9guli\u00e8rement organis\u00e9es en soir\u00e9e, les dates sont publi\u00e9es sur notre page facebook :&nbsp;<a href=\"https:\/\/www.facebook.com\/CROSSFITKRIDEN\/\">https:\/\/www.facebook.com\/CROSSFITKRIDEN\/<\/a><\/p>\n<p>(Les dates 2 des s\u00e9ances initiation\/d\u00e9butants qui suivent la s\u00e9ance d\u00e9couverte seront d\u00e9cid\u00e9es ensemble)<\/p>\n<p>Il est \u00e9galement possible de programmer des s\u00e9ances d\u00e9couverte en matin\u00e9e, en prenant rendez-vous au 0479\/243.147<\/p>\n<p>Le tarif pour ces 3&nbsp; premi\u00e8res s\u00e9ances&nbsp; est de 25\u20ac &#8211; r\u00e9glable avant votre venue<br>&nbsp;(Toute s\u00e9ance annul\u00e9e \u00e0 moins de 48h sera comptabilis\u00e9e)<\/p>\n<p><\/p>\n<p><i>&nbsp;<\/i><span style=\"font-family: Roboto, sans-serif;\">&nbsp;<\/span><strong><em>Horaire d\u00e9butant HYROX<\/em><\/strong><\/p>\n<p>Il n&#8217;y a pas de s\u00e9ance d\u00e9di\u00e9e d\u00e9butant pour l&#8217;Hyrox. Tous les niveaux s&#8217;entrainent ensemble.<\/p>\n<p><a href=\"https:\/\/crossfitkriden.com\/index.php\/horaire-hyrox\/\">Retrouvez l&#8217;horaire Hyrox en cliquant ici<\/a><\/p>\n<p><\/p>\t\t\t\t\t\t\t\t<\/div>\n\t\t\t\t<\/div>\n\t\t\t\t\t<\/div>\n\t\t<\/div>\n\t\t\t\t\t<\/div>\n\t\t<\/section>\n\t\t\t\t<\/div>\n\t\t","protected":false},"excerpt":{"rendered":"<p>REM : Avant de venir \u00e0 votre premi\u00e8re s\u00e9ance, merci de prendre contact avec nous. &nbsp; Horaire d\u00e9butant CrossFit Lundi : de 11h00 \u00e0 12h00, de 12h15 \u00e0 13h15 et de 19h00 \u00e0 20h00 + de 20h00 \u00e0 21h00 Mardi : de 11h00 \u00e0 12h00, de 12h15 \u00e0 13h15 et de 19h00 \u00e0 20h00 + [&hellip;]<\/p>\n","protected":false},"author":1,"featured_media":0,"parent":0,"menu_order":0,"comment_status":"closed","ping_status":"closed","template":"","meta":{"footnotes":""},"class_list":["post-108","page","type-page","status-publish","hentry"],"_links":{"self":[{"href":"https:\/\/crossfitkriden.com\/index.php\/wp-json\/wp\/v2\/pages\/108","targetHints":{"allow":["GET"]}}],"collection":[{"href":"https:\/\/crossfitkriden.com\/index.php\/wp-json\/wp\/v2\/pages"}],"about":[{"href":"https:\/\/crossfitkriden.com\/index.php\/wp-json\/wp\/v2\/types\/page"}],"author":[{"embeddable":true,"href":"https:\/\/crossfitkriden.com\/index.php\/wp-json\/wp\/v2\/users\/1"}],"replies":[{"embeddable":true,"href":"https:\/\/crossfitkriden.com\/index.php\/wp-json\/wp\/v2\/comments?post=108"}],"version-history":[{"count":34,"href":"https:\/\/crossfitkriden.com\/index.php\/wp-json\/wp\/v2\/pages\/108\/revisions"}],"predecessor-version":[{"id":1322,"href":"https:\/\/crossfitkriden.com\/index.php\/wp-json\/wp\/v2\/pages\/108\/revisions\/1322"}],"wp:attachment":[{"href":"https:\/\/crossfitkriden.com\/index.php\/wp-json\/wp\/v2\/media?parent=108"}],"curies":[{"name":"wp","href":"https:\/\/api.w.org\/{rel}","templated":true}]}}