{"id":1441,"date":"2025-12-30T10:53:04","date_gmt":"2025-12-30T09:53:04","guid":{"rendered":"https:\/\/crossfitkriden.com\/?page_id=1441"},"modified":"2025-12-30T10:56:05","modified_gmt":"2025-12-30T09:56:05","slug":"protocole-2pm","status":"publish","type":"page","link":"https:\/\/crossfitkriden.com\/index.php\/protocole-2pm\/","title":{"rendered":"Protocole 2PM"},"content":{"rendered":"\t\t<div data-elementor-type=\"wp-page\" data-elementor-id=\"1441\" class=\"elementor elementor-1441\">\n\t\t\t\t\t\t<section class=\"elementor-section elementor-top-section elementor-element elementor-element-87f8a43 elementor-section-boxed elementor-section-height-default elementor-section-height-default\" data-id=\"87f8a43\" data-element_type=\"section\" data-e-type=\"section\">\n\t\t\t\t\t\t<div class=\"elementor-container elementor-column-gap-default\">\n\t\t\t\t\t<div class=\"elementor-column elementor-col-100 elementor-top-column elementor-element elementor-element-1cd7867\" data-id=\"1cd7867\" data-element_type=\"column\" data-e-type=\"column\">\n\t\t\t<div class=\"elementor-widget-wrap elementor-element-populated\">\n\t\t\t\t\t\t<div class=\"elementor-element elementor-element-8d14c65 elementor-widget elementor-widget-text-editor\" data-id=\"8d14c65\" data-element_type=\"widget\" data-e-type=\"widget\" data-widget_type=\"text-editor.default\">\n\t\t\t\t<div class=\"elementor-widget-container\">\n\t\t\t\t\t\t\t\t\t<p><strong>\u00a0Nous pouvons vous aider \u00e0 vaincre vos douleurs chroniques au dos, poignet, \u00e9paule, genou, hanche,&#8230;\u00a0<\/strong><\/p><p>Le Protocole 2PM est une m\u00e9thode con\u00e7ue pour harmoniser les d\u00e9s\u00e9quilibres musculaires et am\u00e9liorer la sant\u00e9 musculo-squelettique, visant \u00e0 pr\u00e9venir les blessures et \u00e0 optimiser la performance physique.<\/p><p>N&#8217;h\u00e9sitez pas \u00e0 prendre contact avec nous pour en discuter : 0479\/243.147<\/p><p><strong>Objectifs du Protocole 2PM<\/strong><\/p><p>Le Protocole 2PM a \u00e9t\u00e9 d\u00e9velopp\u00e9 pour traiter les probl\u00e8mes articulaires et musculaires, tant pour les professionnels que pour les pratiquants.<\/p><p>Ses principaux objectifs incluent :<\/p><ul><li>Harmonisation Musculaire : \u00c9liminer les d\u00e9s\u00e9quilibres musculaires et am\u00e9liorer les fonctions motrices des articulations, notamment celles du bassin, des hanches, des genoux, des chevilles et des pieds.<\/li><li>Pr\u00e9vention des Blessures : En travaillant sur la posture et la musculature, le protocole vise \u00e0 pr\u00e9venir l&#8217;apparition de blessures et \u00e0 traiter les douleurs inflammatoires.<\/li><li>Am\u00e9lioration de la Performance : En renfor\u00e7ant les articulations et en optimisant la condition physique, le protocole aide les athl\u00e8tes et les amateurs de sport \u00e0 performer sans compromettre leur sant\u00e9.\u00a0<\/li><\/ul><div><span style=\"font-family: Barlow, sans-serif;\">\u00a0<\/span><\/div><div><span style=\"font-family: Barlow, sans-serif;\">\u00a0<\/span><\/div><p><strong>M\u00e9thodes et Approche<\/strong><\/p><p>Le Protocole 2PM utilise une approche individualis\u00e9e, permettant de cr\u00e9er des plans d&#8217;entra\u00eenement adapt\u00e9s aux besoins sp\u00e9cifiques de chaque client.\u00a0<\/p><p>Les m\u00e9thodes incluent :<\/p><ul><li>S\u00e9ances Structur\u00e9es : Des s\u00e9ances de formation sont programm\u00e9es, g\u00e9n\u00e9ralement deux fois par semaine, sur une p\u00e9riode de six semaines, avec des exercices cibl\u00e9s pour renforcer et \u00e9quilibrer le corps.<\/li><li>\u00c9valuation des D\u00e9s\u00e9quilibres : Les participants apprennent \u00e0 d\u00e9tecter les d\u00e9s\u00e9quilibres pouvant entra\u00eener des pathologies, comme des traumatismes pass\u00e9s ou des postures inad\u00e9quates.<\/li><li>Plans d&#8217;Entra\u00eenement Personnalis\u00e9s : Chaque client re\u00e7oit un programme sp\u00e9cifique pour am\u00e9liorer sa force, sa mobilit\u00e9 et sa confiance.\u00a0<\/li><\/ul><div><span style=\"font-family: Barlow, sans-serif;\">\u00a0<\/span><\/div><div><span style=\"font-family: Barlow, sans-serif;\">\u00a0<\/span><\/div><p>En r\u00e9sum\u00e9, le Protocole 2PM est une m\u00e9thode \u00e9prouv\u00e9e pour optimiser la sant\u00e9 physique et pr\u00e9venir les blessures.\u00a0 Nos coachs vous accompagneront dans votre parcours de remise en forme.<\/p><p>S\u00e9ance individuelle possible en fonction de vos besoins sp\u00e9cifiques. N&#8217;h\u00e9sitez pas \u00e0 prendre contact avec nous pour en discuter : 0479\/243.147<\/p><p>\u00a0<\/p>\t\t\t\t\t\t\t\t<\/div>\n\t\t\t\t<\/div>\n\t\t\t\t\t<\/div>\n\t\t<\/div>\n\t\t\t\t\t<\/div>\n\t\t<\/section>\n\t\t\t\t<\/div>\n\t\t","protected":false},"excerpt":{"rendered":"<p>\u00a0Nous pouvons vous aider \u00e0 vaincre vos douleurs chroniques au dos, poignet, \u00e9paule, genou, hanche,&#8230;\u00a0 Le Protocole 2PM est une m\u00e9thode con\u00e7ue pour harmoniser les d\u00e9s\u00e9quilibres musculaires et am\u00e9liorer la sant\u00e9 musculo-squelettique, visant \u00e0 pr\u00e9venir les blessures et \u00e0 optimiser la performance physique. N&#8217;h\u00e9sitez pas \u00e0 prendre contact avec nous pour en discuter : 0479\/243.147 [&hellip;]<\/p>\n","protected":false},"author":1,"featured_media":0,"parent":0,"menu_order":0,"comment_status":"closed","ping_status":"closed","template":"","meta":{"footnotes":""},"class_list":["post-1441","page","type-page","status-publish","hentry"],"_links":{"self":[{"href":"https:\/\/crossfitkriden.com\/index.php\/wp-json\/wp\/v2\/pages\/1441","targetHints":{"allow":["GET"]}}],"collection":[{"href":"https:\/\/crossfitkriden.com\/index.php\/wp-json\/wp\/v2\/pages"}],"about":[{"href":"https:\/\/crossfitkriden.com\/index.php\/wp-json\/wp\/v2\/types\/page"}],"author":[{"embeddable":true,"href":"https:\/\/crossfitkriden.com\/index.php\/wp-json\/wp\/v2\/users\/1"}],"replies":[{"embeddable":true,"href":"https:\/\/crossfitkriden.com\/index.php\/wp-json\/wp\/v2\/comments?post=1441"}],"version-history":[{"count":7,"href":"https:\/\/crossfitkriden.com\/index.php\/wp-json\/wp\/v2\/pages\/1441\/revisions"}],"predecessor-version":[{"id":1457,"href":"https:\/\/crossfitkriden.com\/index.php\/wp-json\/wp\/v2\/pages\/1441\/revisions\/1457"}],"wp:attachment":[{"href":"https:\/\/crossfitkriden.com\/index.php\/wp-json\/wp\/v2\/media?parent=1441"}],"curies":[{"name":"wp","href":"https:\/\/api.w.org\/{rel}","templated":true}]}}