{"id":1592,"date":"2026-02-12T16:45:29","date_gmt":"2026-02-12T15:45:29","guid":{"rendered":"https:\/\/crossfitkriden.com\/?page_id=1592"},"modified":"2026-02-18T09:29:57","modified_gmt":"2026-02-18T08:29:57","slug":"2026-10-octobre-le-wod-des-roses","status":"publish","type":"page","link":"https:\/\/crossfitkriden.com\/index.php\/2026-10-octobre-le-wod-des-roses\/","title":{"rendered":"2026 &#8211; 10 octobre : Le WOD des Roses"},"content":{"rendered":"\t\t<div data-elementor-type=\"wp-page\" data-elementor-id=\"1592\" class=\"elementor elementor-1592\">\n\t\t\t\t\t\t<section class=\"elementor-section elementor-top-section elementor-element elementor-element-d6dbc05 elementor-section-boxed elementor-section-height-default elementor-section-height-default\" data-id=\"d6dbc05\" data-element_type=\"section\" data-e-type=\"section\">\n\t\t\t\t\t\t<div class=\"elementor-container elementor-column-gap-default\">\n\t\t\t\t\t<div class=\"elementor-column elementor-col-100 elementor-top-column elementor-element elementor-element-2302e9c\" data-id=\"2302e9c\" data-element_type=\"column\" data-e-type=\"column\">\n\t\t\t<div class=\"elementor-widget-wrap elementor-element-populated\">\n\t\t\t\t\t\t<div class=\"elementor-element elementor-element-fe5804a elementor-widget elementor-widget-text-editor\" data-id=\"fe5804a\" data-element_type=\"widget\" data-e-type=\"widget\" data-widget_type=\"text-editor.default\">\n\t\t\t\t<div class=\"elementor-widget-container\">\n\t\t\t\t\t\t\t\t\t<p><a href=\"https:\/\/crossfitkriden.com\/wp-content\/uploads\/2026\/02\/WOD-des-Roses-visu1-300x300.png\" target=\"_blank\" rel=\"noopener\"><img fetchpriority=\"high\" decoding=\"async\" class=\"alignleft\" src=\"https:\/\/crossfitkriden.com\/wp-content\/uploads\/2026\/02\/WOD-des-Roses-visu1-300x300.png\" alt=\"\" width=\"300\" height=\"300\" \/><\/a>Le samedi 10 octobre 2026, une journ\u00e9e \u00e0 Crossfit Kriden pour \u00ab wodder \u00bb ensemble dans la bonne humeur et la sueur pour la lutte contre le cancer du sein et pour la sensibilisation au don d\u2019organes.<\/p><p>Au programme, tout au long de la journ\u00e9e, 4 ou 5 wods qui t\u00e9tonnent grave et des \u00e9quipes foie-rmidables ! Vous appr\u00e9cierez (ou pas <img decoding=\"async\" src=\"https:\/\/static.xx.fbcdn.net\/images\/emoji.php\/v9\/t4e\/1\/16\/1f644.png\" alt=\"\ud83d\ude44\" width=\"16\" height=\"16\" \/>) les jeux de mots bien pourris qui donnent le ton de l\u2019ambiance de la journ\u00e9e\u2026 <img decoding=\"async\" src=\"https:\/\/static.xx.fbcdn.net\/images\/emoji.php\/v9\/t6d\/1\/16\/1f973.png\" alt=\"\ud83e\udd73\" width=\"16\" height=\"16\" \/><img loading=\"lazy\" decoding=\"async\" src=\"https:\/\/static.xx.fbcdn.net\/images\/emoji.php\/v9\/t4\/1\/16\/1f60f.png\" alt=\"\ud83d\ude0f\" width=\"16\" height=\"16\" \/><\/p><p>Cette journ\u00e9e sera au profit de l\u2019Association Jules Bordet, qui soutient la recherche contre le cancer et l\u2019am\u00e9lioration du bien-\u00eatre des patients au sein de l\u2019Institut Bordet.<\/p><p>Un grand merci \u00e0 tous! <img loading=\"lazy\" decoding=\"async\" src=\"https:\/\/static.xx.fbcdn.net\/images\/emoji.php\/v9\/tfb\/1\/16\/263a.png\" alt=\"\u263a\ufe0f\" width=\"16\" height=\"16\" \/><img loading=\"lazy\" decoding=\"async\" src=\"https:\/\/static.xx.fbcdn.net\/images\/emoji.php\/v9\/tfb\/1\/16\/263a.png\" alt=\"\u263a\ufe0f\" width=\"16\" height=\"16\" \/><\/p><p><strong>Comment participer?<\/strong><\/p><ul><li>En compl\u00e9tant le formulaire d\u2019inscriptions via le lien ci-dessous<\/li><li>Equipe de 3, tous niveaux confondus<\/li><li>20 \u00e9quipes maximum<\/li><li>Participation de 75\u20ac par \u00e9quipe, comprenant un don \u00e0 l\u2019Association Jules Bordet et un kit de sensibilisation pour les causes de l\u2019\u00e9v\u00e8nement par personne. (Lien d&#8217;inscription ci-dessous)<\/li><li>Ambiance d\u00e9cal\u00e9e obligatoire : trouver un nom d\u2019\u00e9quipe humoristique et venir avec, au minimum, 1 \u00e9l\u00e9ment soit rose (en r\u00e9f\u00e9rence \u00e0 octobre rose) soit vert (en r\u00e9f\u00e9rence au ruban vert du don d\u2019organes). Ex : chaussettes, tutus, perruque, \u2026 Surprenez-nous\u00a0<\/li><\/ul>\t\t\t\t\t\t\t\t<\/div>\n\t\t\t\t<\/div>\n\t\t\t\t\t<\/div>\n\t\t<\/div>\n\t\t\t\t\t<\/div>\n\t\t<\/section>\n\t\t\t\t<section class=\"elementor-section elementor-top-section elementor-element elementor-element-0f9887f elementor-section-boxed elementor-section-height-default elementor-section-height-default\" data-id=\"0f9887f\" data-element_type=\"section\" data-e-type=\"section\">\n\t\t\t\t\t\t<div class=\"elementor-container elementor-column-gap-default\">\n\t\t\t\t\t<div class=\"elementor-column elementor-col-100 elementor-top-column elementor-element elementor-element-596cc9c\" data-id=\"596cc9c\" data-element_type=\"column\" data-e-type=\"column\">\n\t\t\t<div class=\"elementor-widget-wrap elementor-element-populated\">\n\t\t\t\t\t\t<div class=\"elementor-element elementor-element-1d8c7f6 elementor-align-justify elementor-widget elementor-widget-button\" data-id=\"1d8c7f6\" data-element_type=\"widget\" data-e-type=\"widget\" data-widget_type=\"button.default\">\n\t\t\t\t<div class=\"elementor-widget-container\">\n\t\t\t\t\t\t\t\t\t<div class=\"elementor-button-wrapper\">\n\t\t\t\t\t<a class=\"elementor-button elementor-button-link elementor-size-sm\" href=\"https:\/\/www.cognitoforms.com\/CrossFitKriden1\/_20261010WODDesRoses\">\n\t\t\t\t\t\t<span class=\"elementor-button-content-wrapper\">\n\t\t\t\t\t\t\t\t\t<span class=\"elementor-button-text\">Inscrivez votre \u00e9quipe ici<\/span>\n\t\t\t\t\t<\/span>\n\t\t\t\t\t<\/a>\n\t\t\t\t<\/div>\n\t\t\t\t\t\t\t\t<\/div>\n\t\t\t\t<\/div>\n\t\t\t\t\t<\/div>\n\t\t<\/div>\n\t\t\t\t\t<\/div>\n\t\t<\/section>\n\t\t\t\t<\/div>\n\t\t","protected":false},"excerpt":{"rendered":"<p>Le samedi 10 octobre 2026, une journ\u00e9e \u00e0 Crossfit Kriden pour \u00ab wodder \u00bb ensemble dans la bonne humeur et la sueur pour la lutte contre le cancer du sein et pour la sensibilisation au don d\u2019organes. Au programme, tout au long de la journ\u00e9e, 4 ou 5 wods qui t\u00e9tonnent grave et des \u00e9quipes [&hellip;]<\/p>\n","protected":false},"author":1,"featured_media":0,"parent":0,"menu_order":0,"comment_status":"closed","ping_status":"closed","template":"","meta":{"footnotes":""},"class_list":["post-1592","page","type-page","status-publish","hentry"],"_links":{"self":[{"href":"https:\/\/crossfitkriden.com\/index.php\/wp-json\/wp\/v2\/pages\/1592","targetHints":{"allow":["GET"]}}],"collection":[{"href":"https:\/\/crossfitkriden.com\/index.php\/wp-json\/wp\/v2\/pages"}],"about":[{"href":"https:\/\/crossfitkriden.com\/index.php\/wp-json\/wp\/v2\/types\/page"}],"author":[{"embeddable":true,"href":"https:\/\/crossfitkriden.com\/index.php\/wp-json\/wp\/v2\/users\/1"}],"replies":[{"embeddable":true,"href":"https:\/\/crossfitkriden.com\/index.php\/wp-json\/wp\/v2\/comments?post=1592"}],"version-history":[{"count":28,"href":"https:\/\/crossfitkriden.com\/index.php\/wp-json\/wp\/v2\/pages\/1592\/revisions"}],"predecessor-version":[{"id":1629,"href":"https:\/\/crossfitkriden.com\/index.php\/wp-json\/wp\/v2\/pages\/1592\/revisions\/1629"}],"wp:attachment":[{"href":"https:\/\/crossfitkriden.com\/index.php\/wp-json\/wp\/v2\/media?parent=1592"}],"curies":[{"name":"wp","href":"https:\/\/api.w.org\/{rel}","templated":true}]}}