{"id":2,"date":"2019-12-13T10:45:17","date_gmt":"2019-12-13T09:45:17","guid":{"rendered":"http:\/\/crossfitkriden.com\/?page_id=2"},"modified":"2025-07-02T10:09:36","modified_gmt":"2025-07-02T08:09:36","slug":"page-d-exemple","status":"publish","type":"page","link":"https:\/\/crossfitkriden.com\/","title":{"rendered":"Welcome"},"content":{"rendered":"\t\t<div data-elementor-type=\"wp-page\" data-elementor-id=\"2\" class=\"elementor elementor-2\">\n\t\t\t\t\t\t<section class=\"elementor-section elementor-top-section elementor-element elementor-element-4e9a44cc elementor-section-boxed elementor-section-height-default elementor-section-height-default\" data-id=\"4e9a44cc\" data-element_type=\"section\" data-e-type=\"section\">\n\t\t\t\t\t\t<div class=\"elementor-container elementor-column-gap-default\">\n\t\t\t\t\t<div class=\"elementor-column elementor-col-100 elementor-top-column elementor-element elementor-element-5c79e570\" data-id=\"5c79e570\" data-element_type=\"column\" data-e-type=\"column\">\n\t\t\t<div class=\"elementor-widget-wrap elementor-element-populated\">\n\t\t\t\t\t\t<div class=\"elementor-element elementor-element-941b2a1 elementor-widget elementor-widget-image\" data-id=\"941b2a1\" data-element_type=\"widget\" data-e-type=\"widget\" data-widget_type=\"image.default\">\n\t\t\t\t<div class=\"elementor-widget-container\">\n\t\t\t\t\t\t\t\t\t\t\t\t\t\t\t<img fetchpriority=\"high\" decoding=\"async\" width=\"810\" height=\"470\" src=\"https:\/\/crossfitkriden.com\/wp-content\/uploads\/2023\/08\/96660640_235605654382196_7127264439757176832_n-1024x768.jpg\" class=\"attachment-large size-large wp-image-445\" alt=\"\" srcset=\"https:\/\/crossfitkriden.com\/wp-content\/uploads\/2023\/08\/96660640_235605654382196_7127264439757176832_n-1024x768.jpg 1023w, https:\/\/crossfitkriden.com\/wp-content\/uploads\/2023\/08\/96660640_235605654382196_7127264439757176832_n-1024x768-300x174.jpg 300w, https:\/\/crossfitkriden.com\/wp-content\/uploads\/2023\/08\/96660640_235605654382196_7127264439757176832_n-1024x768-768x446.jpg 768w\" sizes=\"(max-width: 810px) 100vw, 810px\" \/>\t\t\t\t\t\t\t\t\t\t\t\t\t\t\t<\/div>\n\t\t\t\t<\/div>\n\t\t\t\t<div class=\"elementor-element elementor-element-5a437fab elementor-widget elementor-widget-text-editor\" data-id=\"5a437fab\" data-element_type=\"widget\" data-e-type=\"widget\" data-widget_type=\"text-editor.default\">\n\t\t\t\t<div class=\"elementor-widget-container\">\n\t\t\t\t\t\t\t\t\t<p><\/p>\n<p>\u00a0<strong>Bienvenue sur notre site web\u00a0<\/strong><\/p>\n<p>Si vous \u00eates arriv\u00e9 sur cette page, c&#8217;est que vous savez ce qu&#8217;est le crossfit, ce qu&#8217;est l&#8217;HYROX,..ou en tous cas, vous en avez d\u00e9j\u00e0 entendu parler&#8230;<\/p>\n<p>Non? &#8230;pas de souci! Parce qu&#8217;une image vaut plus que des mots, venez nous rendre visite pour d\u00e9couvrir notre sport<\/p>\n<p>Vous \u00eates h\u00e9sitant \u00e0 commencer, vous n&#8217;avez jamais fait de sport auparavant, ou tr\u00e8s peu?&#8230;pas de souci non plus, la principale caract\u00e9ristique du CrossFit, c&#8217;est de pouvoir \u00eatre <strong>accessible \u00e0 tous<\/strong>.<\/p>\n<p><strong>Peu importe votre condition physique, votre \u00e2ge,&#8230;<\/strong><\/p>\n<p>Chacun s&#8217;entra\u00eene \u00e0 son rythme et selon ses capacit\u00e9s. <strong>Chaque mouvement aura une alternative selon votre niveau<\/strong> et vous permettra de progresser lors de chaque entra\u00eenement dans une ambiance familiale.<\/p>\n<p>Outre les cours de CrossFit, nous vous proposons aussi des cours d&#8217;Halt\u00e9rophilie, Gymnastique, Cardio\/Renfo et <a href=\"https:\/\/crossfitkriden.com\/index.php\/horaire-hyrox\/\">HYROX<\/a><\/p>\n<p><strong>Rejoignez-nous! <a href=\"https:\/\/crossfitkriden.com\/index.php\/horaire-decouverte\/\">Cliquez-ici pour savoir comment d\u00e9buter<\/a><\/strong><\/p>\n<p><\/p>\n<p><\/p>\n<p>Notre box se situe Rue du Ch\u00e2teau n\u00b010 \u00e0 6150 Anderlues.<\/p>\n<p>A environ 10 minutes de Binche, Chapelle-lez-Herlaimont, Morlanwelz, Fontaine l\u2019Ev\u00eaque, Thuin, Lobbes<\/p>\n<p><\/p>\n<p><\/p>\n<p><em>Vous pouvez nous<\/em><br \/><em>contacter au 0479\/243.147 pour tous renseignements, horaires, tarifs,&#8230;<\/em><\/p>\n<p><\/p>\t\t\t\t\t\t\t\t<\/div>\n\t\t\t\t<\/div>\n\t\t\t\t\t<\/div>\n\t\t<\/div>\n\t\t\t\t\t<\/div>\n\t\t<\/section>\n\t\t\t\t<\/div>\n\t\t","protected":false},"excerpt":{"rendered":"<p>\u00a0Bienvenue sur notre site web\u00a0 Si vous \u00eates arriv\u00e9 sur cette page, c&#8217;est que vous savez ce qu&#8217;est le crossfit, ce qu&#8217;est l&#8217;HYROX,..ou en tous cas, vous en avez d\u00e9j\u00e0 entendu parler&#8230; Non? &#8230;pas de souci! Parce qu&#8217;une image vaut plus que des mots, venez nous rendre visite pour d\u00e9couvrir notre sport Vous \u00eates h\u00e9sitant [&hellip;]<\/p>\n","protected":false},"author":1,"featured_media":0,"parent":0,"menu_order":0,"comment_status":"closed","ping_status":"open","template":"","meta":{"footnotes":""},"class_list":["post-2","page","type-page","status-publish","hentry"],"_links":{"self":[{"href":"https:\/\/crossfitkriden.com\/index.php\/wp-json\/wp\/v2\/pages\/2","targetHints":{"allow":["GET"]}}],"collection":[{"href":"https:\/\/crossfitkriden.com\/index.php\/wp-json\/wp\/v2\/pages"}],"about":[{"href":"https:\/\/crossfitkriden.com\/index.php\/wp-json\/wp\/v2\/types\/page"}],"author":[{"embeddable":true,"href":"https:\/\/crossfitkriden.com\/index.php\/wp-json\/wp\/v2\/users\/1"}],"replies":[{"embeddable":true,"href":"https:\/\/crossfitkriden.com\/index.php\/wp-json\/wp\/v2\/comments?post=2"}],"version-history":[{"count":25,"href":"https:\/\/crossfitkriden.com\/index.php\/wp-json\/wp\/v2\/pages\/2\/revisions"}],"predecessor-version":[{"id":1053,"href":"https:\/\/crossfitkriden.com\/index.php\/wp-json\/wp\/v2\/pages\/2\/revisions\/1053"}],"wp:attachment":[{"href":"https:\/\/crossfitkriden.com\/index.php\/wp-json\/wp\/v2\/media?parent=2"}],"curies":[{"name":"wp","href":"https:\/\/api.w.org\/{rel}","templated":true}]}}