{"id":30,"date":"2019-12-13T16:03:26","date_gmt":"2019-12-13T15:03:26","guid":{"rendered":"http:\/\/crossfitkriden.com\/?page_id=30"},"modified":"2025-12-30T10:32:45","modified_gmt":"2025-12-30T09:32:45","slug":"horaire","status":"publish","type":"page","link":"https:\/\/crossfitkriden.com\/index.php\/horaire\/","title":{"rendered":"Horaires"},"content":{"rendered":"\t\t<div data-elementor-type=\"wp-page\" data-elementor-id=\"30\" class=\"elementor elementor-30\">\n\t\t\t\t\t\t<section class=\"elementor-section elementor-top-section elementor-element elementor-element-b36a980 elementor-section-boxed elementor-section-height-default elementor-section-height-default\" data-id=\"b36a980\" data-element_type=\"section\" data-e-type=\"section\">\n\t\t\t\t\t\t<div class=\"elementor-container elementor-column-gap-default\">\n\t\t\t\t\t<div class=\"elementor-column elementor-col-100 elementor-top-column elementor-element elementor-element-2a3989a\" data-id=\"2a3989a\" data-element_type=\"column\" data-e-type=\"column\">\n\t\t\t<div class=\"elementor-widget-wrap elementor-element-populated\">\n\t\t\t\t\t\t<section class=\"elementor-section elementor-inner-section elementor-element elementor-element-bc22da4 elementor-section-boxed elementor-section-height-default elementor-section-height-default\" data-id=\"bc22da4\" data-element_type=\"section\" data-e-type=\"section\">\n\t\t\t\t\t\t<div class=\"elementor-container elementor-column-gap-default\">\n\t\t\t\t\t<div class=\"elementor-column elementor-col-50 elementor-inner-column elementor-element elementor-element-7144652\" data-id=\"7144652\" data-element_type=\"column\" data-e-type=\"column\">\n\t\t\t<div class=\"elementor-widget-wrap elementor-element-populated\">\n\t\t\t\t\t\t<div class=\"elementor-element elementor-element-4521d0d elementor-widget elementor-widget-text-editor\" data-id=\"4521d0d\" data-element_type=\"widget\" data-e-type=\"widget\" data-widget_type=\"text-editor.default\">\n\t\t\t\t<div class=\"elementor-widget-container\">\n\t\t\t\t\t\t\t\t\t<p><a href=\"https:\/\/crossfitkriden.com\/wp-content\/uploads\/2025\/12\/Horaire-2026.1.png\"><img fetchpriority=\"high\" decoding=\"async\" class=\"alignnone wp-image-1412 size-large\" src=\"https:\/\/crossfitkriden.com\/wp-content\/uploads\/2025\/12\/Horaire-2026.1-1024x710.png\" alt=\"\" width=\"810\" height=\"562\" srcset=\"https:\/\/crossfitkriden.com\/wp-content\/uploads\/2025\/12\/Horaire-2026.1-1024x710.png 1024w, https:\/\/crossfitkriden.com\/wp-content\/uploads\/2025\/12\/Horaire-2026.1-300x208.png 300w, https:\/\/crossfitkriden.com\/wp-content\/uploads\/2025\/12\/Horaire-2026.1-768x532.png 768w, https:\/\/crossfitkriden.com\/wp-content\/uploads\/2025\/12\/Horaire-2026.1-1536x1065.png 1536w, https:\/\/crossfitkriden.com\/wp-content\/uploads\/2025\/12\/Horaire-2026.1-2048x1420.png 2048w\" sizes=\"(max-width: 810px) 100vw, 810px\" \/><\/a><br \/><a href=\"https:\/\/crossfitkriden.com\/wp-content\/uploads\/2025\/12\/Horaire-2026.1.png\" target=\"_blank\" rel=\"noopener\">T\u00e9l\u00e9charger l&#8217;horaire<\/a><\/p>\t\t\t\t\t\t\t\t<\/div>\n\t\t\t\t<\/div>\n\t\t\t\t\t<\/div>\n\t\t<\/div>\n\t\t\t\t<div class=\"elementor-column elementor-col-50 elementor-inner-column elementor-element elementor-element-5ca60e0\" data-id=\"5ca60e0\" data-element_type=\"column\" data-e-type=\"column\">\n\t\t\t<div class=\"elementor-widget-wrap elementor-element-populated\">\n\t\t\t\t\t\t\t<\/div>\n\t\t<\/div>\n\t\t\t\t\t<\/div>\n\t\t<\/section>\n\t\t\t\t<div class=\"elementor-element elementor-element-ca2c364 elementor-widget elementor-widget-text-editor\" data-id=\"ca2c364\" data-element_type=\"widget\" data-e-type=\"widget\" data-widget_type=\"text-editor.default\">\n\t\t\t\t<div class=\"elementor-widget-container\">\n\t\t\t\t\t\t\t\t\t<p>\u00a0<\/p><ul><li><strong>D\u00e9butants :\u00a0<\/strong><a href=\"https:\/\/crossfitkriden.com\/index.php\/horaire-debutants\/\">Horaire d\u00e9butants<\/a><\/li><li><strong>WOD:<\/strong> <a href=\"https:\/\/crossfitkriden.com\/index.php\/horaire-wod\/\">Horaire WOD<\/a><\/li><li><strong>HYROX:\u00a0<\/strong><a href=\"https:\/\/crossfitkriden.com\/index.php\/horaire-hyrox\/\">Horaire \u2013 HYROX<\/a><\/li><li><strong>Cardio-Renfo :\u00a0<\/strong><a href=\"https:\/\/crossfitkriden.com\/index.php\/horaire-cardiorenfo\/\">Horaire Cardio \/ renfo<\/a><\/li><li><strong>Gymnastique :\u00a0<\/strong><a href=\"https:\/\/crossfitkriden.com\/index.php\/horaire-gym\/\">Horaire GYM<\/a><\/li><li><strong>Halt\u00e9rophilie &amp; Powerlifting :<\/strong><a href=\"https:\/\/crossfitkriden.com\/index.php\/horaire-halterophilie\/\">Horaire Halt\u00e9rophilie &amp; Powerlifting<\/a><a href=\"https:\/\/crossfitkriden.com\/index.php\/horaire-halterophilie\/\">\u00a0<\/a><\/li><li><strong>Muscu en groupe :<\/strong> <a href=\"https:\/\/crossfitkriden.com\/index.php\/horaire-muscu-en-groupe\/\">Horaire Muscu en groupe<\/a><\/li><li><strong>OPEN Training \/ Open Gym :<\/strong>\u00a0<a href=\"https:\/\/crossfitkriden.com\/index.php\/horaire-open-gym\/\">Horaire Open Gym<\/a><\/li><li><strong>Senior Training Club :<\/strong>\u00a0<a style=\"background-color: #ffffff;\" href=\"https:\/\/crossfitkriden.com\/index.php\/horaire-open-gym\/\">Horaire STC<\/a><\/li><\/ul><p>\u00a0<\/p><p>!!<strong> Jours f\u00e9ri\u00e9s : ouvert de 10h30 \u00e0 12h00 sauf 25.12 et 01.01\u00a0 (WOD pour tous niveaux)<\/strong><\/p>\t\t\t\t\t\t\t\t<\/div>\n\t\t\t\t<\/div>\n\t\t\t\t\t<\/div>\n\t\t<\/div>\n\t\t\t\t\t<\/div>\n\t\t<\/section>\n\t\t\t\t<\/div>\n\t\t","protected":false},"excerpt":{"rendered":"<p>T\u00e9l\u00e9charger l&#8217;horaire \u00a0 D\u00e9butants :\u00a0Horaire d\u00e9butants WOD: Horaire WOD HYROX:\u00a0Horaire \u2013 HYROX Cardio-Renfo :\u00a0Horaire Cardio \/ renfo Gymnastique :\u00a0Horaire GYM Halt\u00e9rophilie &amp; Powerlifting :Horaire Halt\u00e9rophilie &amp; Powerlifting\u00a0 Muscu en groupe : Horaire Muscu en groupe OPEN Training \/ Open Gym :\u00a0Horaire Open Gym Senior Training Club :\u00a0Horaire STC \u00a0 !! Jours f\u00e9ri\u00e9s : ouvert de [&hellip;]<\/p>\n","protected":false},"author":1,"featured_media":0,"parent":0,"menu_order":0,"comment_status":"closed","ping_status":"closed","template":"","meta":{"footnotes":""},"class_list":["post-30","page","type-page","status-publish","hentry"],"_links":{"self":[{"href":"https:\/\/crossfitkriden.com\/index.php\/wp-json\/wp\/v2\/pages\/30","targetHints":{"allow":["GET"]}}],"collection":[{"href":"https:\/\/crossfitkriden.com\/index.php\/wp-json\/wp\/v2\/pages"}],"about":[{"href":"https:\/\/crossfitkriden.com\/index.php\/wp-json\/wp\/v2\/types\/page"}],"author":[{"embeddable":true,"href":"https:\/\/crossfitkriden.com\/index.php\/wp-json\/wp\/v2\/users\/1"}],"replies":[{"embeddable":true,"href":"https:\/\/crossfitkriden.com\/index.php\/wp-json\/wp\/v2\/comments?post=30"}],"version-history":[{"count":102,"href":"https:\/\/crossfitkriden.com\/index.php\/wp-json\/wp\/v2\/pages\/30\/revisions"}],"predecessor-version":[{"id":1418,"href":"https:\/\/crossfitkriden.com\/index.php\/wp-json\/wp\/v2\/pages\/30\/revisions\/1418"}],"wp:attachment":[{"href":"https:\/\/crossfitkriden.com\/index.php\/wp-json\/wp\/v2\/media?parent=30"}],"curies":[{"name":"wp","href":"https:\/\/api.w.org\/{rel}","templated":true}]}}