{"id":50,"date":"2019-12-13T16:45:34","date_gmt":"2019-12-13T15:45:34","guid":{"rendered":"http:\/\/crossfitkriden.com\/?page_id=50"},"modified":"2026-02-25T09:00:13","modified_gmt":"2026-02-25T08:00:13","slug":"tarifs","status":"publish","type":"page","link":"https:\/\/crossfitkriden.com\/index.php\/tarifs\/","title":{"rendered":"Tarifs"},"content":{"rendered":"\t\t<div data-elementor-type=\"wp-page\" data-elementor-id=\"50\" class=\"elementor elementor-50\">\n\t\t\t\t\t\t<section class=\"elementor-section elementor-top-section elementor-element elementor-element-51c9c68 elementor-section-boxed elementor-section-height-default elementor-section-height-default\" data-id=\"51c9c68\" data-element_type=\"section\" data-e-type=\"section\">\n\t\t\t\t\t\t<div class=\"elementor-container elementor-column-gap-default\">\n\t\t\t\t\t<div class=\"elementor-column elementor-col-100 elementor-top-column elementor-element elementor-element-5d36481\" data-id=\"5d36481\" data-element_type=\"column\" data-e-type=\"column\">\n\t\t\t<div class=\"elementor-widget-wrap elementor-element-populated\">\n\t\t\t\t\t\t<div class=\"elementor-element elementor-element-cc84d6f elementor-widget elementor-widget-text-editor\" data-id=\"cc84d6f\" data-element_type=\"widget\" data-e-type=\"widget\" data-widget_type=\"text-editor.default\">\n\t\t\t\t<div class=\"elementor-widget-container\">\n\t\t\t\t\t\t\t\t\t<p>Nous vous proposons diff\u00e9rentes formules tarifaires (hors cours Seniors +55ans \/\u00a0<a href=\"https:\/\/crossfitkriden.com\/index.php\/senior-training-club-stc\/\">STC<\/a>), \u00e0 vous de choisir celle qui vous convient le mieux :<\/p><blockquote><p><span style=\"text-decoration: underline;\"><b>Tarifs :<\/b><\/span><\/p><ul><li><strong>D\u00e9couverte (*):<\/strong> 25\u20ac (pour les 3 premiers cours)<\/li><li><strong>Abonnement pour 1 mois\u00a0:<\/strong> 70\u20ac\u00a0 (75\u20ac \u00e0 partir de Janvier 2027)<br \/><em>(Ce qui inclus acc\u00e8s aux cours de CrossFit\/ Halt\u00e9rophilie \/ Hyrox \/ Gym \/ Muscu \/ WOD \/ Open Gym** pendant les heures d&#8217;ouvertures)<\/em><\/li><li><strong>Carte de 10 s\u00e9ances<\/strong> (valable 3 mois): 90\u20ac (95\u20ac \u00e0 partir de Janvier 2027)<\/li><li>Drop-in CrossFIt ou Hyrox : 0\u20ac <em>(Drop-in cours sp\u00e9cifiques Halt\u00e9ro \/ GYM &#8211; 10\u20ac pour 1 s\u00e9ance)<\/em><\/li><li>R\u00e9duction de 10\u20ac pour Police, Pompiers, Militaires <em>(Hors initiation)<\/em><\/li><li><em><strong>Assurance sportive annuelle :<\/strong> 15\u20ac<br \/><\/em><\/li><\/ul><div>\u00a0<\/div><p><i><strong>(*)\u00a0<\/strong><\/i><strong><em>REM : Avant de venir \u00e0 votre premi\u00e8re s\u00e9ance, merci de prendre contact avec nous<\/em><\/strong><\/p><p><a href=\"https:\/\/crossfitkriden.com\/index.php\/horaire-decouverte\/\">En savoir plus au sujet des s\u00e9ances d\u00e9couverte<\/a><\/p><p><strong><em>\u00a0<\/em><\/strong><\/p><p>\u00a0<strong>(**)\u00a0<\/strong><i><strong>!!! Avant d\u2019acc\u00e9der \u00e0 l&#8217; Open gym,<\/strong><\/i><\/p><p><i>Les nouveaux membres devront suivre au minimum une vingtaine de s\u00e9ances afin d\u2019acqu\u00e9rir les connaissances dans les divers mouvements de base.<\/i><\/p><\/blockquote><p>Des s\u00e9ances pour groupes (clubs, entreprises, associations,&#8230;), ou en coaching individuel sont possibles.<\/p><p>Contactez nous pour conna\u00eetre les modalit\u00e9s<\/p><p><a href=\"https:\/\/crossfitkriden.com\/index.php\/senior-training-club-stc\/\">Cliquez ici pour les informations au sujet du Senior Training Club (+55 ans)<\/a><\/p>\t\t\t\t\t\t\t\t<\/div>\n\t\t\t\t<\/div>\n\t\t\t\t\t<\/div>\n\t\t<\/div>\n\t\t\t\t\t<\/div>\n\t\t<\/section>\n\t\t\t\t<\/div>\n\t\t","protected":false},"excerpt":{"rendered":"<p>Nous vous proposons diff\u00e9rentes formules tarifaires (hors cours Seniors +55ans \/\u00a0STC), \u00e0 vous de choisir celle qui vous convient le mieux : Tarifs : D\u00e9couverte (*): 25\u20ac (pour les 3 premiers cours) Abonnement pour 1 mois\u00a0: 70\u20ac\u00a0 (75\u20ac \u00e0 partir de Janvier 2027)(Ce qui inclus acc\u00e8s aux cours de CrossFit\/ Halt\u00e9rophilie \/ Hyrox \/ Gym [&hellip;]<\/p>\n","protected":false},"author":1,"featured_media":0,"parent":0,"menu_order":0,"comment_status":"closed","ping_status":"closed","template":"","meta":{"footnotes":""},"class_list":["post-50","page","type-page","status-publish","hentry"],"_links":{"self":[{"href":"https:\/\/crossfitkriden.com\/index.php\/wp-json\/wp\/v2\/pages\/50","targetHints":{"allow":["GET"]}}],"collection":[{"href":"https:\/\/crossfitkriden.com\/index.php\/wp-json\/wp\/v2\/pages"}],"about":[{"href":"https:\/\/crossfitkriden.com\/index.php\/wp-json\/wp\/v2\/types\/page"}],"author":[{"embeddable":true,"href":"https:\/\/crossfitkriden.com\/index.php\/wp-json\/wp\/v2\/users\/1"}],"replies":[{"embeddable":true,"href":"https:\/\/crossfitkriden.com\/index.php\/wp-json\/wp\/v2\/comments?post=50"}],"version-history":[{"count":81,"href":"https:\/\/crossfitkriden.com\/index.php\/wp-json\/wp\/v2\/pages\/50\/revisions"}],"predecessor-version":[{"id":1639,"href":"https:\/\/crossfitkriden.com\/index.php\/wp-json\/wp\/v2\/pages\/50\/revisions\/1639"}],"wp:attachment":[{"href":"https:\/\/crossfitkriden.com\/index.php\/wp-json\/wp\/v2\/media?parent=50"}],"curies":[{"name":"wp","href":"https:\/\/api.w.org\/{rel}","templated":true}]}}