{"id":658,"date":"2024-03-22T08:47:28","date_gmt":"2024-03-22T07:47:28","guid":{"rendered":"https:\/\/crossfitkriden.com\/?page_id=658"},"modified":"2024-06-30T19:17:15","modified_gmt":"2024-06-30T17:17:15","slug":"booba-rox-2024","status":"publish","type":"page","link":"https:\/\/crossfitkriden.com\/index.php\/booba-rox-2024\/","title":{"rendered":"Booba-ROX 2024"},"content":{"rendered":"\t\t<div data-elementor-type=\"wp-page\" data-elementor-id=\"658\" class=\"elementor elementor-658\">\n\t\t\t\t\t\t<section class=\"elementor-section elementor-top-section elementor-element elementor-element-65af01d elementor-section-boxed elementor-section-height-default elementor-section-height-default\" data-id=\"65af01d\" data-element_type=\"section\" data-e-type=\"section\">\n\t\t\t\t\t\t<div class=\"elementor-container elementor-column-gap-default\">\n\t\t\t\t\t<div class=\"elementor-column elementor-col-100 elementor-top-column elementor-element elementor-element-20bd7da\" data-id=\"20bd7da\" data-element_type=\"column\" data-e-type=\"column\">\n\t\t\t<div class=\"elementor-widget-wrap elementor-element-populated\">\n\t\t\t\t\t\t<div class=\"elementor-element elementor-element-1518e8a elementor-widget elementor-widget-text-editor\" data-id=\"1518e8a\" data-element_type=\"widget\" data-e-type=\"widget\" data-widget_type=\"text-editor.default\">\n\t\t\t\t<div class=\"elementor-widget-container\">\n\t\t\t\t\t\t\t\t\t<div>A l&#8217;occasion de notre Booba Memorial annuel, nous organiserons en collaboration avec l&#8217;asbl Body Cross Gym une course Fitness le dimanche 7 juillet.<\/div><div>Les b\u00e9n\u00e9fices de cette journ\u00e9e seront remis \u00e0 une association, choisie par le Patro de Lobbes.<\/div><div>L&#8217;an pass\u00e9, c&#8217;est l&#8217;asbl &#8220;<a href=\"https:\/\/www.bing.com\/ck\/a?!&amp;&amp;p=29589a5bbb93f912JmltdHM9MTcxMTA2NTYwMCZpZ3VpZD0zMTE5ZmI5Mi0zZWE3LTY1MDYtMzcyMS1lYTg2M2FhNzZiOWEmaW5zaWQ9NTIwMQ&amp;ptn=3&amp;ver=2&amp;hsh=3&amp;fclid=3119fb92-3ea7-6506-3721-ea863aa76b9a&amp;psq=wheel+and+run&amp;u=a1aHR0cDovL3J1bmFuZHdoZWVscy5iZS8&amp;ntb=1\">Run and Wheels<\/a>&#8221; qui avait \u00e9t\u00e9 choisie<\/div><div><p>Tout le monde pourra participer selon les places disponibles (Toutes les 15 min, 4 personnes ou teams prendront le d\u00e9part)<\/p><\/div><div><strong>Lieu<\/strong><\/div><div>Salle Omnisport d&#8217;Anderlues :\u00a0Rue de Maubeuge 24 &#8211; 6150 Anderlues<\/div><div>Sur place : caf\u00e9taria, barbecue,&#8230;<\/div><div>\u00a0<\/div><div><strong>Cat\u00e9gories<\/strong><\/div><div>&#8211; Femme individuel<\/div><div>&#8211; Homme individuel<\/div><div>&#8211; Team Homme + Homme<\/div><div>&#8211; Team Femme + Femme<\/div><div>&#8211; Team Mixte (Femme + Homme)<\/div><div>&#8211; Team Relais \u00e0 4<\/div><div>Rem : Pas de cat\u00e9gorie &#8220;Pro&#8221; de pr\u00e9vue<\/div><div>\u00a0<\/div><div><strong>Format de la course<\/strong><\/div><div>&#8211; Le format de la course s&#8217;apparentera \u00e0 <a href=\"https:\/\/www.youtube.com\/watch?time_continue=1&amp;v=btOVW8eTdPY&amp;embeds_referring_euri=https%3A%2F%2Fwww.bing.com%2F&amp;embeds_referring_origin=https%3A%2F%2Fwww.bing.com&amp;source_ve_path=Mjg2NjY&amp;feature=emb_logo\">une course HYROX<\/a>, mais sans le Sled PULL,\u00a0 qui sera remplac\u00e9 par 80 ring rows. (voir le format complet en bas de cette page)<\/div><div>&#8211; Toutes les 15 min, 4 individuels ou teams prendront le d\u00e9part<\/div><div>&#8211; Au total, 124 D\u00e9part sont pr\u00e9vus sur la journ\u00e9e<\/div><div>&#8211; Un briefing de rappel des &#8220;r\u00e8gles&#8221; sera fait toutes les 30 minutes<\/div><div>&#8211; Des responsables de postes seront l\u00e0 pour vous guider aux travers de chaque Workout<br \/>&#8211; Les premiers d\u00e9parts auront lieu \u00e0 10h00 (Briefing \u00e0 9h30)<\/div><div>\u00a0<\/div><div><strong>Participation aux frais:<\/strong><\/div><div>&#8211; 30\u20ac en Individuel<\/div><div>&#8211; 40\u20ac par \u00e9quipe de 2 (FF, HH, HF)<\/div><div><p>&#8211; 50\u20ac par \u00e9quipe de 4<\/p><\/div><div>REM : Nous ne rembourserons aucune inscription annul\u00e9e apr\u00e8s le 26 juin. Vous pourrez toutefois revendre votre participation \u00e0 quelqu&#8217;un d&#8217;autre<\/div><div>\u00a0<\/div><div><strong>Comment s&#8217;inscrire ?<\/strong><\/div><div>&#8211; Nous cl\u00f4turons les inscription et le formulaire d&#8217;inscription n&#8217;est plus accessible depuis ce 10 juin. Toutefois vous pouvez tenter votre chance via notre email crossfitkriden@gmail.com. Un d\u00e9sistement \u00e9tant toujours possible<\/div><div>\u00a0<\/div><div>&#8211; L&#8217;inscription sera valid\u00e9e apr\u00e8s r\u00e9ception des frais de participation<\/div><div>\u00a0<\/div><div><strong>Attention<\/strong> :<\/div><div>&#8211; Cet \u00e9v\u00e8nement n&#8217;est pas un \u00e9v\u00e8nement officiel HYROX.<\/div><div>&#8211; Vous ne serez pas jug\u00e9 sur votre performance, ni sur l&#8217;ex\u00e9cution des mouvements.\u00a0<\/div><div>&#8211; Le but est de passer tous ensemble une super journ\u00e9e d\u00e9tente sportive \ud83d\ude42<\/div><div>\u00a0<\/div><div><strong>BOOBA-ROX 2024<\/strong><\/div><div>&#8211; 1km Run<\/div><div>&#8211; 1km Ski erg<\/div><div><div>&#8211; 1km Run<\/div><div>&#8211; 50m Sled Push (102K \/ 152K)<\/div><div><div>&#8211; 1km Run<\/div><div>&#8211; 80 Ring Rows<\/div><div><div>&#8211; 1km Run<\/div><div>&#8211; 80m Burpees Broad Jump<\/div><\/div><div><div>&#8211; 1km Run<\/div><div>&#8211; 1km Row<\/div><\/div><\/div><\/div><div><div>&#8211; 1km Run<\/div><div>&#8211; 200m Farmers Carry (16K \/ 24K)<\/div><div><div>&#8211; 1km Run<\/div><div>&#8211; 100m Sandbag lunges (10K \/ 20K)<\/div><\/div><div><div>&#8211; 1km Run<\/div><div>&#8211; 75\/100 Wall balls (4K \/ 6K)<\/div><div>\u00a0<\/div><div>&gt;&gt; <a href=\"https:\/\/crossfitkriden.com\/index.php\/booba-rox-details-des-wod\/\">Voir le d\u00e9tail des WODs<\/a><\/div><div>\u00a0<\/div><div><div><strong>Remarques :<\/strong><\/div><div>&#8211; En team de 2, la course se fait comme suit : les 2 membres courent en m\u00eame temps toute les distances, les Workouts se font en format I go \/ You go<\/div><div>\u00a0&#8211; En team de 4, chaque membre doit seulement effectuer, au choix parmi les 8,\u00a0<\/div><div>2 x 1km run + le workout qui suit. Ex : 1km run+row et 1km+100 Wall balls<\/div><div>\u00a0<\/div><div><strong>Adaptations Booba-Rox<\/strong><\/div><div>&#8211; En team de 2, les 2 membres doivent normalement courir les 8km. On acceptera qu&#8217;un des 2 membres reste parfois \u00e0 l&#8217;arr\u00eat durant une course<\/div><div>&#8211; En team de 4, chaque membres doit normalement courir seulement 2km. On acceptera que chacun puisse courir plus de distance.<\/div><div>&#8211; Si vous n&#8217;\u00eates que 3, vous pouvez participer en vous inscrivant en mode &#8220;Team de 4&#8221;.\u00a0<span style=\"white-space-collapse: preserve;\">Vous r\u00e9partirez les WOD comme d&#8217;habitude : <\/span><span style=\"white-space-collapse: preserve;\">Un m\u00eame participant devra effectuer 1Km run + le WOD qui suit avant de passer le relais<\/span><\/div><div>&#8211; Pour les personnes qui ne peuvent pas courir, nous pr\u00e9voirons des assault bikes pour remplacer la course \u00e0 pieds (5min).<\/div><div>\u00a0<\/div><div><strong>Kids<\/strong><\/div><div>Les kids pourront aussi \u00eatre de la partie, mais uniquement en team de 4. On propose qu&#8217;ils prennent des kettlebells de 9K, les lunges sans sandbags et Sled vide<\/div><div>\u00a0<\/div><div><strong>Spectateurs<\/strong><\/div><div>Entr\u00e9e gratuite<\/div><\/div><\/div><\/div>\t\t\t\t\t\t\t\t<\/div>\n\t\t\t\t<\/div>\n\t\t\t\t\t<\/div>\n\t\t<\/div>\n\t\t\t\t\t<\/div>\n\t\t<\/section>\n\t\t\t\t<section class=\"elementor-section elementor-top-section elementor-element elementor-element-defbfd1 elementor-section-boxed elementor-section-height-default elementor-section-height-default\" data-id=\"defbfd1\" data-element_type=\"section\" data-e-type=\"section\">\n\t\t\t\t\t\t<div class=\"elementor-container elementor-column-gap-default\">\n\t\t\t\t\t<div class=\"elementor-column elementor-col-100 elementor-top-column elementor-element elementor-element-ab862ff\" data-id=\"ab862ff\" data-element_type=\"column\" data-e-type=\"column\">\n\t\t\t<div class=\"elementor-widget-wrap elementor-element-populated\">\n\t\t\t\t\t\t<div class=\"elementor-element elementor-element-f581310 elementor-widget elementor-widget-video\" data-id=\"f581310\" data-element_type=\"widget\" data-e-type=\"widget\" data-settings=\"{&quot;youtube_url&quot;:&quot;https:\\\/\\\/www.youtube.com\\\/watch?time_continue=1&amp;v=btOVW8eTdPY&amp;embeds_referring_euri=https%3A%2F%2Fwww.bing.com%2F&amp;embeds_referring_origin=https%3A%2F%2Fwww.bing.com&amp;source_ve_path=Mjg2NjY&amp;feature=emb_logo&quot;,&quot;video_type&quot;:&quot;youtube&quot;,&quot;controls&quot;:&quot;yes&quot;}\" data-widget_type=\"video.default\">\n\t\t\t\t<div class=\"elementor-widget-container\">\n\t\t\t\t\t\t\t<div class=\"elementor-wrapper elementor-open-inline\">\n\t\t\t<div class=\"elementor-video\"><\/div>\t\t<\/div>\n\t\t\t\t\t\t<\/div>\n\t\t\t\t<\/div>\n\t\t\t\t\t<\/div>\n\t\t<\/div>\n\t\t\t\t\t<\/div>\n\t\t<\/section>\n\t\t\t\t<\/div>\n\t\t","protected":false},"excerpt":{"rendered":"<p>A l&#8217;occasion de notre Booba Memorial annuel, nous organiserons en collaboration avec l&#8217;asbl Body Cross Gym une course Fitness le dimanche 7 juillet.Les b\u00e9n\u00e9fices de cette journ\u00e9e seront remis \u00e0 une association, choisie par le Patro de Lobbes.L&#8217;an pass\u00e9, c&#8217;est l&#8217;asbl &#8220;Run and Wheels&#8221; qui avait \u00e9t\u00e9 choisie Tout le monde pourra participer selon les [&hellip;]<\/p>\n","protected":false},"author":1,"featured_media":0,"parent":0,"menu_order":0,"comment_status":"closed","ping_status":"closed","template":"","meta":{"footnotes":""},"class_list":["post-658","page","type-page","status-publish","hentry"],"_links":{"self":[{"href":"https:\/\/crossfitkriden.com\/index.php\/wp-json\/wp\/v2\/pages\/658","targetHints":{"allow":["GET"]}}],"collection":[{"href":"https:\/\/crossfitkriden.com\/index.php\/wp-json\/wp\/v2\/pages"}],"about":[{"href":"https:\/\/crossfitkriden.com\/index.php\/wp-json\/wp\/v2\/types\/page"}],"author":[{"embeddable":true,"href":"https:\/\/crossfitkriden.com\/index.php\/wp-json\/wp\/v2\/users\/1"}],"replies":[{"embeddable":true,"href":"https:\/\/crossfitkriden.com\/index.php\/wp-json\/wp\/v2\/comments?post=658"}],"version-history":[{"count":37,"href":"https:\/\/crossfitkriden.com\/index.php\/wp-json\/wp\/v2\/pages\/658\/revisions"}],"predecessor-version":[{"id":790,"href":"https:\/\/crossfitkriden.com\/index.php\/wp-json\/wp\/v2\/pages\/658\/revisions\/790"}],"wp:attachment":[{"href":"https:\/\/crossfitkriden.com\/index.php\/wp-json\/wp\/v2\/media?parent=658"}],"curies":[{"name":"wp","href":"https:\/\/api.w.org\/{rel}","templated":true}]}}