{"id":735,"date":"2024-06-10T14:32:11","date_gmt":"2024-06-10T12:32:11","guid":{"rendered":"https:\/\/crossfitkriden.com\/?page_id=735"},"modified":"2024-07-04T13:21:41","modified_gmt":"2024-07-04T11:21:41","slug":"booba-rox-horaire-des-passages","status":"publish","type":"page","link":"https:\/\/crossfitkriden.com\/index.php\/booba-rox-horaire-des-passages\/","title":{"rendered":"Booba-ROX : Horaire de d\u00e9part"},"content":{"rendered":"\t\t<div data-elementor-type=\"wp-page\" data-elementor-id=\"735\" class=\"elementor elementor-735\">\n\t\t\t\t\t\t<section class=\"elementor-section elementor-top-section elementor-element elementor-element-aa0b833 elementor-section-boxed elementor-section-height-default elementor-section-height-default\" data-id=\"aa0b833\" data-element_type=\"section\" data-e-type=\"section\">\n\t\t\t\t\t\t<div class=\"elementor-container elementor-column-gap-default\">\n\t\t\t\t\t<div class=\"elementor-column elementor-col-100 elementor-top-column elementor-element elementor-element-ade237e\" data-id=\"ade237e\" data-element_type=\"column\" data-e-type=\"column\">\n\t\t\t<div class=\"elementor-widget-wrap elementor-element-populated\">\n\t\t\t\t\t\t<div class=\"elementor-element elementor-element-abfbd95 elementor-widget elementor-widget-text-editor\" data-id=\"abfbd95\" data-element_type=\"widget\" data-e-type=\"widget\" data-widget_type=\"text-editor.default\">\n\t\t\t\t<div class=\"elementor-widget-container\">\n\t\t\t\t\t\t\t\t\t<p><strong>Rappels :<\/strong><\/p><ul><li>Nous vous accueillerons sur place \u00e0 partir de 8h30<\/li><li>Briefing organis\u00e9s toutes les 30 minutes \u00e0 partir de 9h00. Obligatoire pour tous<\/li><li>\u00a0Soyez pr\u00e9sents 10 minutes \u00e0 l\u2019avance sur la ligne de d\u00e9part<\/li><li>Infos course :\u00a0<a href=\"https:\/\/crossfitkriden.com\/index.php\/booba-rox-2024\/\">Booba-ROX 2024\u00a0<\/a><\/li><li>D\u00e9tails des WODs :\u00a0<a href=\"https:\/\/crossfitkriden.com\/index.php\/booba-rox-details-des-wod\/\">Booba-ROX \u2013 D\u00e9tails des WOD\u00a0<\/a><\/li><\/ul><div>\u00a0<\/div><p><strong style=\"font-family: Roboto, sans-serif;\"><span style=\"font-family: Barlow, sans-serif;\">Horaire de d\u00e9part:<\/span><\/strong><\/p><p>Si vous ne voyez pas appara\u00eetre votre num\u00e9ro dans l&#8217;horaire, prenez contact avec nous par email : crossfitkriden@gmail.com<\/p>\t\t\t\t\t\t\t\t<\/div>\n\t\t\t\t<\/div>\n\t\t\t\t\t<\/div>\n\t\t<\/div>\n\t\t\t\t\t<\/div>\n\t\t<\/section>\n\t\t\t\t<section class=\"elementor-section elementor-top-section elementor-element elementor-element-ffe0693 elementor-section-boxed elementor-section-height-default elementor-section-height-default\" data-id=\"ffe0693\" data-element_type=\"section\" data-e-type=\"section\">\n\t\t\t\t\t\t<div class=\"elementor-container elementor-column-gap-default\">\n\t\t\t\t\t<div class=\"elementor-column elementor-col-100 elementor-top-column elementor-element elementor-element-9ee97d7\" data-id=\"9ee97d7\" data-element_type=\"column\" data-e-type=\"column\">\n\t\t\t<div class=\"elementor-widget-wrap elementor-element-populated\">\n\t\t\t\t\t\t<div class=\"elementor-element elementor-element-41076e4 elementor-widget elementor-widget-text-editor\" data-id=\"41076e4\" data-element_type=\"widget\" data-e-type=\"widget\" data-widget_type=\"text-editor.default\">\n\t\t\t\t<div class=\"elementor-widget-container\">\n\t\t\t\t\t\t\t\t\t<p><strong>FEMME &#8211; INDIVIDUEL<\/strong><\/p><table width=\"155\"><tbody><tr><td width=\"83\"><strong>Horaire<\/strong><\/td><td width=\"72\"><strong>Num\u00e9ro<\/strong><\/td><\/tr><tr><td>10h00<\/td><td>98<\/td><\/tr><tr><td>10h00<\/td><td>95<\/td><\/tr><tr><td>10h00<\/td><td>48<\/td><\/tr><tr><td>10h00<\/td><td>14<\/td><\/tr><tr><td>10h15<\/td><td>42<\/td><\/tr><\/tbody><\/table>\t\t\t\t\t\t\t\t<\/div>\n\t\t\t\t<\/div>\n\t\t\t\t\t<\/div>\n\t\t<\/div>\n\t\t\t\t\t<\/div>\n\t\t<\/section>\n\t\t\t\t<section class=\"elementor-section elementor-top-section elementor-element elementor-element-3c3acc0 elementor-section-boxed elementor-section-height-default elementor-section-height-default\" data-id=\"3c3acc0\" data-element_type=\"section\" data-e-type=\"section\">\n\t\t\t\t\t\t<div class=\"elementor-container elementor-column-gap-default\">\n\t\t\t\t\t<div class=\"elementor-column elementor-col-100 elementor-top-column elementor-element elementor-element-c2c8a75\" data-id=\"c2c8a75\" data-element_type=\"column\" data-e-type=\"column\">\n\t\t\t<div class=\"elementor-widget-wrap elementor-element-populated\">\n\t\t\t\t\t\t<div class=\"elementor-element elementor-element-1e0a1bc elementor-widget elementor-widget-text-editor\" data-id=\"1e0a1bc\" data-element_type=\"widget\" data-e-type=\"widget\" data-widget_type=\"text-editor.default\">\n\t\t\t\t<div class=\"elementor-widget-container\">\n\t\t\t\t\t\t\t\t\t<p><strong>FEMMES &#8211; TEAM DE 4<\/strong><\/p>\n<table width=\"155\">\n<tbody>\n<tr>\n<td width=\"83\"><strong>Horaire<\/strong><\/td>\n<td width=\"72\"><strong>Num\u00e9ro<\/strong><\/td>\n<\/tr>\n<tr>\n<td>10h15<\/td>\n<td>112<\/td>\n<\/tr>\n<tr>\n<td>10h15<\/td>\n<td>25<\/td>\n<\/tr>\n<tr>\n<td>10h15<\/td>\n<td>90 (Team de 2F)<\/td>\n<\/tr>\n<tr>\n<td>10h30<\/td>\n<td>114<\/td>\n<\/tr>\n<tr>\n<td>10h30<\/td>\n<td>122<\/td>\n<\/tr>\n<tr>\n<td>10h30<\/td>\n<td>121<\/td>\n<\/tr>\n<tr>\n<td>10h30<\/td>\n<td>136 (F indiv)<\/td>\n<\/tr>\n<\/tbody>\n<\/table>\t\t\t\t\t\t\t\t<\/div>\n\t\t\t\t<\/div>\n\t\t\t\t\t<\/div>\n\t\t<\/div>\n\t\t\t\t\t<\/div>\n\t\t<\/section>\n\t\t\t\t<section class=\"elementor-section elementor-top-section elementor-element elementor-element-76dcaf5 elementor-section-boxed elementor-section-height-default elementor-section-height-default\" data-id=\"76dcaf5\" data-element_type=\"section\" data-e-type=\"section\">\n\t\t\t\t\t\t<div class=\"elementor-container elementor-column-gap-default\">\n\t\t\t\t\t<div class=\"elementor-column elementor-col-100 elementor-top-column elementor-element elementor-element-b64a9fb\" data-id=\"b64a9fb\" data-element_type=\"column\" data-e-type=\"column\">\n\t\t\t<div class=\"elementor-widget-wrap elementor-element-populated\">\n\t\t\t\t\t\t<div class=\"elementor-element elementor-element-f709c26 elementor-widget elementor-widget-text-editor\" data-id=\"f709c26\" data-element_type=\"widget\" data-e-type=\"widget\" data-widget_type=\"text-editor.default\">\n\t\t\t\t<div class=\"elementor-widget-container\">\n\t\t\t\t\t\t\t\t\t<p><strong>HOMME &#8211; Individuel<\/strong><\/p>\n<table width=\"155\">\n<tbody>\n<tr>\n<td width=\"83\"><strong>Horaire<\/strong><\/td>\n<td width=\"72\"><strong>Num\u00e9ro<\/strong><\/td>\n<\/tr>\n<tr>\n<td>10h45<\/td>\n<td>118<\/td>\n<\/tr>\n<tr>\n<td>10h45<\/td>\n<td>117<\/td>\n<\/tr>\n<tr>\n<td>10h45<\/td>\n<td>105<\/td>\n<\/tr>\n<tr>\n<td>10h45<\/td>\n<td>104<\/td>\n<\/tr>\n<tr>\n<td>11h00<\/td>\n<td>101<\/td>\n<\/tr>\n<tr>\n<td>11h00<\/td>\n<td>96<\/td>\n<\/tr>\n<tr>\n<td>11h00<\/td>\n<td>30<\/td>\n<\/tr>\n<tr>\n<td>11h00<\/td>\n<td>88<\/td>\n<\/tr>\n<tr>\n<td><br><\/td>\n<td><br><\/td>\n<\/tr>\n<tr>\n<td>11h15<\/td>\n<td>86<\/td>\n<\/tr>\n<tr>\n<td>11h15<\/td>\n<td>81<\/td>\n<\/tr>\n<tr>\n<td>11h15<\/td>\n<td>140<\/td>\n<\/tr>\n<tr>\n<td>11h30<\/td>\n<td>145<\/td>\n<\/tr>\n<tr>\n<td>11h30<\/td>\n<td>27<\/td>\n<\/tr>\n<tr>\n<td>11h30<\/td>\n<td>119<\/td>\n<\/tr>\n<tr>\n<td>11h30<\/td>\n<td>141<\/td>\n<\/tr>\n<tr>\n<td>11h45<\/td>\n<td>7<\/td>\n<\/tr>\n<tr>\n<td>11h45<\/td>\n<td>5<\/td>\n<\/tr>\n<tr>\n<td>11h45<\/td>\n<td>12<\/td>\n<\/tr>\n<tr>\n<td>11h45<\/td>\n<td>8<\/td>\n<\/tr>\n<\/tbody>\n<\/table>\t\t\t\t\t\t\t\t<\/div>\n\t\t\t\t<\/div>\n\t\t\t\t\t<\/div>\n\t\t<\/div>\n\t\t\t\t\t<\/div>\n\t\t<\/section>\n\t\t\t\t<section class=\"elementor-section elementor-top-section elementor-element elementor-element-feae0ce elementor-section-boxed elementor-section-height-default elementor-section-height-default\" data-id=\"feae0ce\" data-element_type=\"section\" data-e-type=\"section\">\n\t\t\t\t\t\t<div class=\"elementor-container elementor-column-gap-default\">\n\t\t\t\t\t<div class=\"elementor-column elementor-col-100 elementor-top-column elementor-element elementor-element-c0471ac\" data-id=\"c0471ac\" data-element_type=\"column\" data-e-type=\"column\">\n\t\t\t<div class=\"elementor-widget-wrap elementor-element-populated\">\n\t\t\t\t\t\t<div class=\"elementor-element elementor-element-e892a5a elementor-widget elementor-widget-text-editor\" data-id=\"e892a5a\" data-element_type=\"widget\" data-e-type=\"widget\" data-widget_type=\"text-editor.default\">\n\t\t\t\t<div class=\"elementor-widget-container\">\n\t\t\t\t\t\t\t\t\t<strong>FEMMES &#8211; TEAM DE 2<\/strong>\n<table width=\"155\">\n<tbody>\n<tr>\n<td width=\"83\"><strong>Horaire<\/strong><\/td>\n<td width=\"72\"><strong>Num\u00e9ro<\/strong><\/td>\n<\/tr>\n<tr>\n<td>12h00<\/td>\n<td>93<\/td>\n<\/tr>\n<tr>\n<td>12h00<\/td>\n<td>64<\/td>\n<\/tr>\n<tr>\n<td>12h00<\/td>\n<td>50<\/td>\n<\/tr>\n<tr>\n<td>12h00<\/td>\n<td>44<\/td>\n<\/tr>\n<tr>\n<td>12h15<\/td>\n<td>37<\/td>\n<\/tr>\n<tr>\n<td>12h15<\/td>\n<td>32<\/td>\n<\/tr>\n<tr>\n<td>12h15<\/td>\n<td>9<\/td>\n<\/tr>\n<tr>\n<td>12h15<\/td>\n<td>135<\/td>\n<\/tr>\n<\/tbody>\n<\/table>\t\t\t\t\t\t\t\t<\/div>\n\t\t\t\t<\/div>\n\t\t\t\t\t<\/div>\n\t\t<\/div>\n\t\t\t\t\t<\/div>\n\t\t<\/section>\n\t\t\t\t<section class=\"elementor-section elementor-top-section elementor-element elementor-element-9ab5f4a elementor-section-boxed elementor-section-height-default elementor-section-height-default\" data-id=\"9ab5f4a\" data-element_type=\"section\" data-e-type=\"section\">\n\t\t\t\t\t\t<div class=\"elementor-container elementor-column-gap-default\">\n\t\t\t\t\t<div class=\"elementor-column elementor-col-100 elementor-top-column elementor-element elementor-element-64f4103\" data-id=\"64f4103\" data-element_type=\"column\" data-e-type=\"column\">\n\t\t\t<div class=\"elementor-widget-wrap elementor-element-populated\">\n\t\t\t\t\t\t<div class=\"elementor-element elementor-element-514f3f5 elementor-widget elementor-widget-text-editor\" data-id=\"514f3f5\" data-element_type=\"widget\" data-e-type=\"widget\" data-widget_type=\"text-editor.default\">\n\t\t\t\t<div class=\"elementor-widget-container\">\n\t\t\t\t\t\t\t\t\t<strong>HOMMES &#8211; TEAM DE 2<\/strong>\n<table width=\"155\">\n<tbody>\n<tr>\n<td width=\"83\"><strong>Horaire<\/strong><\/td>\n<td width=\"72\"><strong>Num\u00e9ro<\/strong><\/td>\n<\/tr>\n<tr>\n<td>12h30<\/td>\n<td>113<\/td>\n<\/tr>\n<tr>\n<td>12h30<\/td>\n<td>110<\/td>\n<\/tr>\n<tr>\n<td>12h30<\/td>\n<td>109<\/td>\n<\/tr>\n<tr>\n<td>12h30<\/td>\n<td>102<\/td>\n<\/tr>\n<tr>\n<td>12h45<\/td>\n<td>84<\/td>\n<\/tr>\n<tr>\n<td>12h45<\/td>\n<td>80<\/td>\n<\/tr>\n<tr>\n<td>12h45<\/td>\n<td>77 (Team de 4H)<\/td>\n<\/tr>\n<tr>\n<td>12h45<\/td>\n<td>75<\/td>\n<\/tr>\n<tr>\n<td>13h00<\/td>\n<td>46<\/td>\n<\/tr>\n<tr>\n<td>13h15<\/td>\n<td>72<\/td>\n<\/tr>\n<tr>\n<td>13h15<\/td>\n<td>69<\/td>\n<\/tr>\n<tr>\n<td>13h15<\/td>\n<td>65<\/td>\n<\/tr>\n<tr>\n<td>13h15<\/td>\n<td>33<\/td>\n<\/tr>\n<tr>\n<td>13h30<\/td>\n<td>54<\/td>\n<\/tr>\n<tr>\n<td>13h30<\/td>\n<td>39<\/td>\n<\/tr>\n<tr>\n<td>13h30<\/td>\n<td>38<\/td>\n<\/tr>\n<tr>\n<td>13h30<\/td>\n<td>31<\/td>\n<\/tr>\n<tr>\n<td>13h45<\/td>\n<td>22<\/td>\n<\/tr>\n<tr>\n<td>13h45<\/td>\n<td>21<\/td>\n<\/tr>\n<tr>\n<td>13h45<\/td>\n<td>17<\/td>\n<\/tr>\n<tr>\n<td>13h45<\/td>\n<td>67<\/td>\n<\/tr>\n<\/tbody>\n<\/table>\t\t\t\t\t\t\t\t<\/div>\n\t\t\t\t<\/div>\n\t\t\t\t\t<\/div>\n\t\t<\/div>\n\t\t\t\t\t<\/div>\n\t\t<\/section>\n\t\t\t\t<section class=\"elementor-section elementor-top-section elementor-element elementor-element-aecaff0 elementor-section-boxed elementor-section-height-default elementor-section-height-default\" data-id=\"aecaff0\" data-element_type=\"section\" data-e-type=\"section\">\n\t\t\t\t\t\t<div class=\"elementor-container elementor-column-gap-default\">\n\t\t\t\t\t<div class=\"elementor-column elementor-col-100 elementor-top-column elementor-element elementor-element-33bebfc\" data-id=\"33bebfc\" data-element_type=\"column\" data-e-type=\"column\">\n\t\t\t<div class=\"elementor-widget-wrap elementor-element-populated\">\n\t\t\t\t\t\t<div class=\"elementor-element elementor-element-8886ba2 elementor-widget elementor-widget-text-editor\" data-id=\"8886ba2\" data-element_type=\"widget\" data-e-type=\"widget\" data-widget_type=\"text-editor.default\">\n\t\t\t\t<div class=\"elementor-widget-container\">\n\t\t\t\t\t\t\t\t\t<p><strong>MIXTE &#8211; TEAM DE 2<\/strong><\/p>\n<table width=\"155\">\n<tbody>\n<tr>\n<td width=\"83\"><strong>Horaire<\/strong><\/td>\n<td width=\"72\"><strong>Num\u00e9ro<\/strong><\/td>\n<\/tr>\n<tr>\n<td>14h00<\/td>\n<td>116<\/td>\n<\/tr>\n<tr>\n<td>14h00<\/td>\n<td>115<\/td>\n<\/tr>\n<tr>\n<td>14h00<\/td>\n<td>108<\/td>\n<\/tr>\n<tr>\n<td>14h00<\/td>\n<td>107<\/td>\n<\/tr>\n<tr>\n<td>14h15<\/td>\n<td>106<\/td>\n<\/tr>\n<tr>\n<td>14h15<\/td>\n<td>103<\/td>\n<\/tr>\n<tr>\n<td>14h15<\/td>\n<td>100<\/td>\n<\/tr>\n<tr>\n<td>14h15<\/td>\n<td>97<\/td>\n<\/tr>\n<tr>\n<td>14h45<\/td>\n<td>94<\/td>\n<\/tr>\n<tr>\n<td>14h45<\/td>\n<td>91<\/td>\n<\/tr>\n<tr>\n<td>14h45<\/td>\n<td>79<\/td>\n<\/tr>\n<tr>\n<td>14h45<\/td>\n<td>73<\/td>\n<\/tr>\n<tr>\n<td>15h00<\/td>\n<td>71<\/td>\n<\/tr>\n<tr>\n<td>15h00<\/td>\n<td>68<\/td>\n<\/tr>\n<tr>\n<td>15h00<\/td>\n<td>58<\/td>\n<\/tr>\n<tr>\n<td>15h00<\/td>\n<td>55<\/td>\n<\/tr>\n<tr>\n<td>15h15<\/td>\n<td>49<\/td>\n<\/tr>\n<tr>\n<td>15h15<\/td>\n<td>47<\/td>\n<\/tr>\n<tr>\n<td>15h15<\/td>\n<td>45<\/td>\n<\/tr>\n<tr>\n<td>15h15<\/td>\n<td>36<\/td>\n<\/tr>\n<tr>\n<td>15h30<\/td>\n<td>34<\/td>\n<\/tr>\n<tr>\n<td>15h30<\/td>\n<td>62<br><\/td>\n<\/tr>\n<tr>\n<td>15h30<\/td>\n<td>26<\/td>\n<\/tr>\n<tr>\n<td>15h30<\/td>\n<td>24<\/td>\n<\/tr>\n<tr>\n<td>15h45<\/td>\n<td>23<\/td>\n<\/tr>\n<tr>\n<td>15h45<\/td>\n<td>20<\/td>\n<\/tr>\n<tr>\n<td>15h45<\/td>\n<td>19<\/td>\n<\/tr>\n<tr>\n<td>16h00<\/td>\n<td>18<\/td>\n<\/tr>\n<tr>\n<td>16h00<\/td>\n<td>15<\/td>\n<\/tr>\n<tr>\n<td>16h00<\/td>\n<td>13<\/td>\n<\/tr>\n<tr>\n<td>16h30<\/td>\n<td>11<\/td>\n<\/tr>\n<tr>\n<td>16h30<\/td>\n<td>6<\/td>\n<\/tr>\n<tr>\n<td>16h30<\/td>\n<td>120<\/td>\n<\/tr>\n<tr>\n<td>16h30<\/td>\n<td><br><\/td>\n<\/tr>\n<\/tbody>\n<\/table>\t\t\t\t\t\t\t\t<\/div>\n\t\t\t\t<\/div>\n\t\t\t\t\t<\/div>\n\t\t<\/div>\n\t\t\t\t\t<\/div>\n\t\t<\/section>\n\t\t\t\t<section class=\"elementor-section elementor-top-section elementor-element elementor-element-b3bff7e elementor-section-boxed elementor-section-height-default elementor-section-height-default\" data-id=\"b3bff7e\" data-element_type=\"section\" data-e-type=\"section\">\n\t\t\t\t\t\t<div class=\"elementor-container elementor-column-gap-default\">\n\t\t\t\t\t<div class=\"elementor-column elementor-col-100 elementor-top-column elementor-element elementor-element-e7e8b4c\" data-id=\"e7e8b4c\" data-element_type=\"column\" data-e-type=\"column\">\n\t\t\t<div class=\"elementor-widget-wrap elementor-element-populated\">\n\t\t\t\t\t\t<div class=\"elementor-element elementor-element-61878e6 elementor-widget elementor-widget-text-editor\" data-id=\"61878e6\" data-element_type=\"widget\" data-e-type=\"widget\" data-widget_type=\"text-editor.default\">\n\t\t\t\t<div class=\"elementor-widget-container\">\n\t\t\t\t\t\t\t\t\t<strong>MIXTE &#8211; TEAM DE 4<\/strong>\n<table width=\"155\">\n<tbody>\n<tr>\n<td width=\"83\"><strong>Horaire<\/strong><\/td>\n<td width=\"72\"><strong>Num\u00e9ro<\/strong><\/td>\n<\/tr>\n<tr>\n<td>16h45<\/td>\n<td>89<\/td>\n<\/tr>\n<tr>\n<td>16h45<\/td>\n<td>76<\/td>\n<\/tr>\n<tr>\n<td>16h45<\/td>\n<td>70<\/td>\n<\/tr>\n<tr>\n<td>16h45<\/td>\n<td>66<\/td>\n<\/tr>\n<tr>\n<td>17h00<\/td>\n<td>61<\/td>\n<\/tr>\n<tr>\n<td>17h00<\/td>\n<td>43<\/td>\n<\/tr>\n<tr>\n<td>17h00<\/td>\n<td>41<\/td>\n<\/tr>\n<tr>\n<td>17h00<\/td>\n<td>40<\/td>\n<\/tr>\n<tr>\n<td>17h15<\/td>\n<td>35<\/td>\n<\/tr>\n<tr>\n<td>17h15<\/td>\n<td>28<\/td>\n<\/tr>\n<tr>\n<td>17h15<\/td>\n<td>16<\/td>\n<\/tr>\n<tr>\n<td>17h15<\/td>\n<td>10<\/td>\n<\/tr>\n<tr>\n<td>17h30<\/td>\n<td>52<\/td>\n<\/tr>\n<\/tbody>\n<\/table>\t\t\t\t\t\t\t\t<\/div>\n\t\t\t\t<\/div>\n\t\t\t\t\t<\/div>\n\t\t<\/div>\n\t\t\t\t\t<\/div>\n\t\t<\/section>\n\t\t\t\t<section class=\"elementor-section elementor-top-section elementor-element elementor-element-d347402 elementor-section-boxed elementor-section-height-default elementor-section-height-default\" data-id=\"d347402\" data-element_type=\"section\" data-e-type=\"section\">\n\t\t\t\t\t\t<div class=\"elementor-container elementor-column-gap-default\">\n\t\t\t\t\t<div class=\"elementor-column elementor-col-100 elementor-top-column elementor-element elementor-element-25e4560\" data-id=\"25e4560\" data-element_type=\"column\" data-e-type=\"column\">\n\t\t\t<div class=\"elementor-widget-wrap elementor-element-populated\">\n\t\t\t\t\t\t<div class=\"elementor-element elementor-element-9d72282 elementor-widget elementor-widget-text-editor\" data-id=\"9d72282\" data-element_type=\"widget\" data-e-type=\"widget\" data-widget_type=\"text-editor.default\">\n\t\t\t\t<div class=\"elementor-widget-container\">\n\t\t\t\t\t\t\t\t\t<p><strong>HOMMES &#8211; TEAM DE 4<\/strong><\/p><table width=\"155\"><tbody><tr><td width=\"83\"><strong>Horaire<\/strong><\/td><td width=\"72\"><strong>Num\u00e9ro<\/strong><\/td><\/tr><tr><td>17h30<\/td><td>99<\/td><\/tr><tr><td>17h30<\/td><td>85<\/td><\/tr><tr><td>17h30<\/td><td>60<\/td><\/tr><tr><td>\u00a0<\/td><td>\u00a0<\/td><\/tr><\/tbody><\/table>\t\t\t\t\t\t\t\t<\/div>\n\t\t\t\t<\/div>\n\t\t\t\t\t<\/div>\n\t\t<\/div>\n\t\t\t\t\t<\/div>\n\t\t<\/section>\n\t\t\t\t<section class=\"elementor-section elementor-top-section elementor-element elementor-element-e0320f0 elementor-section-boxed elementor-section-height-default elementor-section-height-default\" data-id=\"e0320f0\" data-element_type=\"section\" data-e-type=\"section\">\n\t\t\t\t\t\t<div class=\"elementor-container elementor-column-gap-default\">\n\t\t\t\t\t<div class=\"elementor-column elementor-col-100 elementor-top-column elementor-element elementor-element-45bdb2a\" data-id=\"45bdb2a\" data-element_type=\"column\" data-e-type=\"column\">\n\t\t\t<div class=\"elementor-widget-wrap elementor-element-populated\">\n\t\t\t\t\t\t<div class=\"elementor-element elementor-element-738f73a elementor-widget elementor-widget-text-editor\" data-id=\"738f73a\" data-element_type=\"widget\" data-e-type=\"widget\" data-widget_type=\"text-editor.default\">\n\t\t\t\t<div class=\"elementor-widget-container\">\n\t\t\t\t\t\t\t\t\t<p><strong>DEPARTS (Inscriptions tardives)<\/strong><\/p>\n<table width=\"155\">\n<tbody>\n<tr>\n<td width=\"83\"><strong>Horaire<\/strong><\/td>\n<td width=\"72\"><strong>Num\u00e9ro<\/strong><\/td>\n<\/tr>\n<tr>\n<td>17h45<\/td>\n<td>137 (4 Femmes)<\/td>\n<\/tr>\n<tr>\n<td>17h45<\/td>\n<td>138 (2 Hommes)<\/td>\n<\/tr>\n<tr>\n<td>17h45<\/td>\n<td>142 (2 Hommes)<\/td>\n<\/tr>\n<tr>\n<td>17h45<\/td>\n<td>143 (2 &#8211; Mixte)<\/td>\n<\/tr>\n<\/tbody>\n<\/table>\t\t\t\t\t\t\t\t<\/div>\n\t\t\t\t<\/div>\n\t\t\t\t\t<\/div>\n\t\t<\/div>\n\t\t\t\t\t<\/div>\n\t\t<\/section>\n\t\t\t\t<\/div>\n\t\t","protected":false},"excerpt":{"rendered":"<p>Rappels : Nous vous accueillerons sur place \u00e0 partir de 8h30 Briefing organis\u00e9s toutes les 30 minutes \u00e0 partir de 9h00. Obligatoire pour tous \u00a0Soyez pr\u00e9sents 10 minutes \u00e0 l\u2019avance sur la ligne de d\u00e9part Infos course :\u00a0Booba-ROX 2024\u00a0 D\u00e9tails des WODs :\u00a0Booba-ROX \u2013 D\u00e9tails des WOD\u00a0 \u00a0 Horaire de d\u00e9part: Si vous ne voyez [&hellip;]<\/p>\n","protected":false},"author":1,"featured_media":0,"parent":0,"menu_order":0,"comment_status":"closed","ping_status":"closed","template":"","meta":{"footnotes":""},"class_list":["post-735","page","type-page","status-publish","hentry"],"_links":{"self":[{"href":"https:\/\/crossfitkriden.com\/index.php\/wp-json\/wp\/v2\/pages\/735","targetHints":{"allow":["GET"]}}],"collection":[{"href":"https:\/\/crossfitkriden.com\/index.php\/wp-json\/wp\/v2\/pages"}],"about":[{"href":"https:\/\/crossfitkriden.com\/index.php\/wp-json\/wp\/v2\/types\/page"}],"author":[{"embeddable":true,"href":"https:\/\/crossfitkriden.com\/index.php\/wp-json\/wp\/v2\/users\/1"}],"replies":[{"embeddable":true,"href":"https:\/\/crossfitkriden.com\/index.php\/wp-json\/wp\/v2\/comments?post=735"}],"version-history":[{"count":39,"href":"https:\/\/crossfitkriden.com\/index.php\/wp-json\/wp\/v2\/pages\/735\/revisions"}],"predecessor-version":[{"id":796,"href":"https:\/\/crossfitkriden.com\/index.php\/wp-json\/wp\/v2\/pages\/735\/revisions\/796"}],"wp:attachment":[{"href":"https:\/\/crossfitkriden.com\/index.php\/wp-json\/wp\/v2\/media?parent=735"}],"curies":[{"name":"wp","href":"https:\/\/api.w.org\/{rel}","templated":true}]}}