{"id":825,"date":"2024-08-12T15:59:50","date_gmt":"2024-08-12T13:59:50","guid":{"rendered":"https:\/\/crossfitkriden.com\/?page_id=825"},"modified":"2025-12-30T09:40:15","modified_gmt":"2025-12-30T08:40:15","slug":"senior-training-club-stc","status":"publish","type":"page","link":"https:\/\/crossfitkriden.com\/index.php\/senior-training-club-stc\/","title":{"rendered":"SENIOR TRAINING CLUB (STC)"},"content":{"rendered":"\t\t<div data-elementor-type=\"wp-page\" data-elementor-id=\"825\" class=\"elementor elementor-825\">\n\t\t\t\t\t\t<section class=\"elementor-section elementor-top-section elementor-element elementor-element-3a6338e elementor-section-boxed elementor-section-height-default elementor-section-height-default\" data-id=\"3a6338e\" data-element_type=\"section\" data-e-type=\"section\">\n\t\t\t\t\t\t<div class=\"elementor-container elementor-column-gap-default\">\n\t\t\t\t\t<div class=\"elementor-column elementor-col-100 elementor-top-column elementor-element elementor-element-8490558\" data-id=\"8490558\" data-element_type=\"column\" data-e-type=\"column\">\n\t\t\t<div class=\"elementor-widget-wrap elementor-element-populated\">\n\t\t\t\t\t\t<div class=\"elementor-element elementor-element-b224841 elementor-widget__width-initial elementor-widget elementor-widget-text-editor\" data-id=\"b224841\" data-element_type=\"widget\" data-e-type=\"widget\" data-widget_type=\"text-editor.default\">\n\t\t\t\t<div class=\"elementor-widget-container\">\n\t\t\t\t\t\t\t\t\t<div>\n<p dir=\"auto\">Le Senior Training Club vous propose des s\u00e9ances d&#8217;entrainement r\u00e9serv\u00e9es aux plus de 55 ans.<\/p>\n<p dir=\"auto\">Les s\u00e9ances sont un m\u00e9lange de renforcement musculaire, stretching et cardio l\u00e9ger.<\/p>\n<p dir=\"auto\">Il ne faut aucun niveau de condition physique pr\u00e9-requis.<\/p>\n<\/div>\n<div dir=\"auto\">Les s\u00e9ances se feront en groupe de 10 personnes maximum, et seront encadr\u00e9es par un coach.<\/div>\n<div dir=\"auto\">&nbsp;<\/div>\n<div dir=\"auto\">&nbsp;<\/div>\n<div dir=\"auto\">\n<p><strong>Horaire:<\/strong><\/p>\n<\/div>\n<ul>\n<li dir=\"auto\">Tous les mardi et jeudi de 10h00 \u00e0 11h00<\/li>\n<li dir=\"auto\">Vendredi de 11h00 \u00e0 12h00<\/li>\n<\/ul>\n<p>&gt; sauf jours f\u00e9ri\u00e9s<\/p>\n<div dir=\"auto\">&nbsp;<\/div>\n<div dir=\"auto\"><strong>Tarif:<\/strong><\/div>\n<div dir=\"auto\">&gt; 3 s\u00e9ances d\u00e9couvertes pour 25eur<\/div>\n<div dir=\"auto\">&gt; Ensuite, carte de 10 s\u00e9ances pour 90eur<\/div>\n<div dir=\"auto\">!!&nbsp;Assurance sportive annuelle : 15\u20ac<\/div>\n<div dir=\"auto\">&nbsp;<\/div>\n<div dir=\"auto\"><strong>Infos et inscriptions:<\/strong><\/div>\n<div>\n<ul>\n<li dir=\"auto\">Via le 0479.243.147<\/li>\n<li dir=\"auto\">Via mail : crossfitkriden@gmail.com<\/li>\n<\/ul>\n<div><span style=\"font-family: Barlow, sans-serif;\">&nbsp;<\/span><\/div>\n<\/div>\n<p dir=\"auto\"><strong><em>Avant de venir \u00e0 votre premi\u00e8re s\u00e9ance, merci de prendre contact avec nous<\/em><\/strong><\/p>\n<p dir=\"auto\"><strong><em>&nbsp;<\/em><\/strong><\/p>\n<p dir=\"auto\"><strong>Certification :<\/strong><\/p>\n<p dir=\"auto\"><strong><em><a href=\"https:\/\/crossfitkriden.com\/wp-content\/uploads\/2024\/09\/Fred-Aging-athlete-Certif.png\"><img fetchpriority=\"high\" decoding=\"async\" class=\"alignnone wp-image-907 size-medium\" src=\"https:\/\/crossfitkriden.com\/wp-content\/uploads\/2024\/09\/Fred-Aging-athlete-Certif-300x229.png\" alt=\"\" width=\"300\" height=\"229\" srcset=\"https:\/\/crossfitkriden.com\/wp-content\/uploads\/2024\/09\/Fred-Aging-athlete-Certif-300x229.png 300w, https:\/\/crossfitkriden.com\/wp-content\/uploads\/2024\/09\/Fred-Aging-athlete-Certif-768x586.png 768w, https:\/\/crossfitkriden.com\/wp-content\/uploads\/2024\/09\/Fred-Aging-athlete-Certif.png 963w\" sizes=\"(max-width: 300px) 100vw, 300px\" \/><\/a><\/em><\/strong><\/p>\t\t\t\t\t\t\t\t<\/div>\n\t\t\t\t<\/div>\n\t\t\t\t\t<\/div>\n\t\t<\/div>\n\t\t\t\t\t<\/div>\n\t\t<\/section>\n\t\t\t\t<\/div>\n\t\t","protected":false},"excerpt":{"rendered":"<p>Le Senior Training Club vous propose des s\u00e9ances d&#8217;entrainement r\u00e9serv\u00e9es aux plus de 55 ans. Les s\u00e9ances sont un m\u00e9lange de renforcement musculaire, stretching et cardio l\u00e9ger. Il ne faut aucun niveau de condition physique pr\u00e9-requis. Les s\u00e9ances se feront en groupe de 10 personnes maximum, et seront encadr\u00e9es par un coach. &nbsp; &nbsp; Horaire: [&hellip;]<\/p>\n","protected":false},"author":1,"featured_media":0,"parent":0,"menu_order":0,"comment_status":"closed","ping_status":"closed","template":"","meta":{"footnotes":""},"class_list":["post-825","page","type-page","status-publish","hentry"],"_links":{"self":[{"href":"https:\/\/crossfitkriden.com\/index.php\/wp-json\/wp\/v2\/pages\/825","targetHints":{"allow":["GET"]}}],"collection":[{"href":"https:\/\/crossfitkriden.com\/index.php\/wp-json\/wp\/v2\/pages"}],"about":[{"href":"https:\/\/crossfitkriden.com\/index.php\/wp-json\/wp\/v2\/types\/page"}],"author":[{"embeddable":true,"href":"https:\/\/crossfitkriden.com\/index.php\/wp-json\/wp\/v2\/users\/1"}],"replies":[{"embeddable":true,"href":"https:\/\/crossfitkriden.com\/index.php\/wp-json\/wp\/v2\/comments?post=825"}],"version-history":[{"count":27,"href":"https:\/\/crossfitkriden.com\/index.php\/wp-json\/wp\/v2\/pages\/825\/revisions"}],"predecessor-version":[{"id":1385,"href":"https:\/\/crossfitkriden.com\/index.php\/wp-json\/wp\/v2\/pages\/825\/revisions\/1385"}],"wp:attachment":[{"href":"https:\/\/crossfitkriden.com\/index.php\/wp-json\/wp\/v2\/media?parent=825"}],"curies":[{"name":"wp","href":"https:\/\/api.w.org\/{rel}","templated":true}]}}