{"id":844,"date":"2024-09-09T09:51:58","date_gmt":"2024-09-09T07:51:58","guid":{"rendered":"https:\/\/crossfitkriden.com\/?page_id=844"},"modified":"2026-03-03T08:58:47","modified_gmt":"2026-03-03T07:58:47","slug":"hyrox-certifications","status":"publish","type":"page","link":"https:\/\/crossfitkriden.com\/index.php\/hyrox-certifications\/","title":{"rendered":"HYROX &#8211; Certifications"},"content":{"rendered":"\t\t<div data-elementor-type=\"wp-page\" data-elementor-id=\"844\" class=\"elementor elementor-844\">\n\t\t\t\t\t\t<section class=\"elementor-section elementor-top-section elementor-element elementor-element-82d23ae elementor-section-boxed elementor-section-height-default elementor-section-height-default\" data-id=\"82d23ae\" data-element_type=\"section\" data-e-type=\"section\">\n\t\t\t\t\t\t<div class=\"elementor-container elementor-column-gap-default\">\n\t\t\t\t\t<div class=\"elementor-column elementor-col-100 elementor-top-column elementor-element elementor-element-6b73038\" data-id=\"6b73038\" data-element_type=\"column\" data-e-type=\"column\">\n\t\t\t<div class=\"elementor-widget-wrap elementor-element-populated\">\n\t\t\t\t\t\t<div class=\"elementor-element elementor-element-2632d19 elementor-widget elementor-widget-text-editor\" data-id=\"2632d19\" data-element_type=\"widget\" data-e-type=\"widget\" data-widget_type=\"text-editor.default\">\n\t\t\t\t<div class=\"elementor-widget-container\">\n\t\t\t\t\t\t\t\t\t<p>Nos coaches se forment et se mettent \u00e0 jour en permanence pour vous offrir le meilleur support dans votre pr\u00e9paration \u00e0 l&#8217;HYROX<\/p><div id='gallery-1' class='gallery galleryid-844 gallery-columns-3 gallery-size-medium'><figure class='gallery-item'>\n\t\t\t<div class='gallery-icon landscape'>\n\t\t\t\t<a href='https:\/\/crossfitkriden.com\/wp-content\/uploads\/2024\/09\/459001935_832167979126602_7118809225688329407_n.jpg'><img fetchpriority=\"high\" decoding=\"async\" width=\"300\" height=\"215\" src=\"https:\/\/crossfitkriden.com\/wp-content\/uploads\/2024\/09\/459001935_832167979126602_7118809225688329407_n-300x215.jpg\" class=\"attachment-medium size-medium\" alt=\"\" srcset=\"https:\/\/crossfitkriden.com\/wp-content\/uploads\/2024\/09\/459001935_832167979126602_7118809225688329407_n-300x215.jpg 300w, https:\/\/crossfitkriden.com\/wp-content\/uploads\/2024\/09\/459001935_832167979126602_7118809225688329407_n-768x551.jpg 768w, https:\/\/crossfitkriden.com\/wp-content\/uploads\/2024\/09\/459001935_832167979126602_7118809225688329407_n-1024x734.jpg 1024w, https:\/\/crossfitkriden.com\/wp-content\/uploads\/2024\/09\/459001935_832167979126602_7118809225688329407_n.jpg 1697w\" sizes=\"(max-width: 300px) 100vw, 300px\" \/><\/a>\n\t\t\t<\/div><\/figure><figure class='gallery-item'>\n\t\t\t<div class='gallery-icon portrait'>\n\t\t\t\t<a href='https:\/\/crossfitkriden.com\/wp-content\/uploads\/2025\/09\/Julien-Certif-Level-1-HYROX.jpeg'><img decoding=\"async\" width=\"221\" height=\"300\" src=\"https:\/\/crossfitkriden.com\/wp-content\/uploads\/2025\/09\/Julien-Certif-Level-1-HYROX-221x300.jpeg\" class=\"attachment-medium size-medium\" alt=\"\" srcset=\"https:\/\/crossfitkriden.com\/wp-content\/uploads\/2025\/09\/Julien-Certif-Level-1-HYROX-221x300.jpeg 221w, https:\/\/crossfitkriden.com\/wp-content\/uploads\/2025\/09\/Julien-Certif-Level-1-HYROX-755x1024.jpeg 755w, https:\/\/crossfitkriden.com\/wp-content\/uploads\/2025\/09\/Julien-Certif-Level-1-HYROX-768x1042.jpeg 768w, https:\/\/crossfitkriden.com\/wp-content\/uploads\/2025\/09\/Julien-Certif-Level-1-HYROX.jpeg 1044w\" sizes=\"(max-width: 221px) 100vw, 221px\" \/><\/a>\n\t\t\t<\/div><\/figure><figure class='gallery-item'>\n\t\t\t<div class='gallery-icon portrait'>\n\t\t\t\t<a href='https:\/\/crossfitkriden.com\/wp-content\/uploads\/2025\/09\/Fred-Certif-Level-1-HYROX.jpeg'><img decoding=\"async\" width=\"203\" height=\"300\" src=\"https:\/\/crossfitkriden.com\/wp-content\/uploads\/2025\/09\/Fred-Certif-Level-1-HYROX-203x300.jpeg\" class=\"attachment-medium size-medium\" alt=\"\" srcset=\"https:\/\/crossfitkriden.com\/wp-content\/uploads\/2025\/09\/Fred-Certif-Level-1-HYROX-203x300.jpeg 203w, https:\/\/crossfitkriden.com\/wp-content\/uploads\/2025\/09\/Fred-Certif-Level-1-HYROX-692x1024.jpeg 692w, https:\/\/crossfitkriden.com\/wp-content\/uploads\/2025\/09\/Fred-Certif-Level-1-HYROX-768x1136.jpeg 768w, https:\/\/crossfitkriden.com\/wp-content\/uploads\/2025\/09\/Fred-Certif-Level-1-HYROX-1039x1536.jpeg 1039w, https:\/\/crossfitkriden.com\/wp-content\/uploads\/2025\/09\/Fred-Certif-Level-1-HYROX.jpeg 1080w\" sizes=\"(max-width: 203px) 100vw, 203px\" \/><\/a>\n\t\t\t<\/div><\/figure><figure class='gallery-item'>\n\t\t\t<div class='gallery-icon landscape'>\n\t\t\t\t<a href='https:\/\/crossfitkriden.com\/wp-content\/uploads\/2024\/11\/462555726_525518333807396_8483929256282983000_n.jpg'><img loading=\"lazy\" decoding=\"async\" width=\"300\" height=\"218\" src=\"https:\/\/crossfitkriden.com\/wp-content\/uploads\/2024\/11\/462555726_525518333807396_8483929256282983000_n-300x218.jpg\" class=\"attachment-medium size-medium\" alt=\"\" srcset=\"https:\/\/crossfitkriden.com\/wp-content\/uploads\/2024\/11\/462555726_525518333807396_8483929256282983000_n-300x218.jpg 300w, https:\/\/crossfitkriden.com\/wp-content\/uploads\/2024\/11\/462555726_525518333807396_8483929256282983000_n-768x559.jpg 768w, https:\/\/crossfitkriden.com\/wp-content\/uploads\/2024\/11\/462555726_525518333807396_8483929256282983000_n-1024x745.jpg 1024w, https:\/\/crossfitkriden.com\/wp-content\/uploads\/2024\/11\/462555726_525518333807396_8483929256282983000_n.jpg 1079w\" sizes=\"(max-width: 300px) 100vw, 300px\" \/><\/a>\n\t\t\t<\/div><\/figure><figure class='gallery-item'>\n\t\t\t<div class='gallery-icon landscape'>\n\t\t\t\t<a href='https:\/\/crossfitkriden.com\/wp-content\/uploads\/2024\/09\/458697267_1112075010322079_8144064904785952734_n.jpg'><img loading=\"lazy\" decoding=\"async\" width=\"300\" height=\"182\" src=\"https:\/\/crossfitkriden.com\/wp-content\/uploads\/2024\/09\/458697267_1112075010322079_8144064904785952734_n-300x182.jpg\" class=\"attachment-medium size-medium\" alt=\"\" srcset=\"https:\/\/crossfitkriden.com\/wp-content\/uploads\/2024\/09\/458697267_1112075010322079_8144064904785952734_n-300x182.jpg 300w, https:\/\/crossfitkriden.com\/wp-content\/uploads\/2024\/09\/458697267_1112075010322079_8144064904785952734_n-768x466.jpg 768w, https:\/\/crossfitkriden.com\/wp-content\/uploads\/2024\/09\/458697267_1112075010322079_8144064904785952734_n-1024x622.jpg 1024w, https:\/\/crossfitkriden.com\/wp-content\/uploads\/2024\/09\/458697267_1112075010322079_8144064904785952734_n.jpg 1834w\" sizes=\"(max-width: 300px) 100vw, 300px\" \/><\/a>\n\t\t\t<\/div><\/figure><figure class='gallery-item'>\n\t\t\t<div class='gallery-icon landscape'>\n\t\t\t\t<a href='https:\/\/crossfitkriden.com\/wp-content\/uploads\/2024\/09\/457498522_470474555979650_1807900120504313986_n.jpg'><img loading=\"lazy\" decoding=\"async\" width=\"300\" height=\"181\" src=\"https:\/\/crossfitkriden.com\/wp-content\/uploads\/2024\/09\/457498522_470474555979650_1807900120504313986_n-300x181.jpg\" class=\"attachment-medium size-medium\" alt=\"\" srcset=\"https:\/\/crossfitkriden.com\/wp-content\/uploads\/2024\/09\/457498522_470474555979650_1807900120504313986_n-300x181.jpg 300w, https:\/\/crossfitkriden.com\/wp-content\/uploads\/2024\/09\/457498522_470474555979650_1807900120504313986_n.jpg 644w\" sizes=\"(max-width: 300px) 100vw, 300px\" \/><\/a>\n\t\t\t<\/div><\/figure><figure class='gallery-item'>\n\t\t\t<div class='gallery-icon landscape'>\n\t\t\t\t<a href='https:\/\/crossfitkriden.com\/wp-content\/uploads\/2024\/09\/458514498_912962600684202_7492090357565970702_n.jpg'><img loading=\"lazy\" decoding=\"async\" width=\"300\" height=\"189\" src=\"https:\/\/crossfitkriden.com\/wp-content\/uploads\/2024\/09\/458514498_912962600684202_7492090357565970702_n-300x189.jpg\" class=\"attachment-medium size-medium\" alt=\"\" srcset=\"https:\/\/crossfitkriden.com\/wp-content\/uploads\/2024\/09\/458514498_912962600684202_7492090357565970702_n-300x189.jpg 300w, https:\/\/crossfitkriden.com\/wp-content\/uploads\/2024\/09\/458514498_912962600684202_7492090357565970702_n-768x483.jpg 768w, https:\/\/crossfitkriden.com\/wp-content\/uploads\/2024\/09\/458514498_912962600684202_7492090357565970702_n.jpg 840w\" sizes=\"(max-width: 300px) 100vw, 300px\" \/><\/a>\n\t\t\t<\/div><\/figure><figure class='gallery-item'>\n\t\t\t<div class='gallery-icon landscape'>\n\t\t\t\t<a href='https:\/\/crossfitkriden.com\/wp-content\/uploads\/2024\/11\/462578473_1112548133565604_1112058513150570392_n.jpg'><img loading=\"lazy\" decoding=\"async\" width=\"300\" height=\"221\" src=\"https:\/\/crossfitkriden.com\/wp-content\/uploads\/2024\/11\/462578473_1112548133565604_1112058513150570392_n-300x221.jpg\" class=\"attachment-medium size-medium\" alt=\"\" srcset=\"https:\/\/crossfitkriden.com\/wp-content\/uploads\/2024\/11\/462578473_1112548133565604_1112058513150570392_n-300x221.jpg 300w, https:\/\/crossfitkriden.com\/wp-content\/uploads\/2024\/11\/462578473_1112548133565604_1112058513150570392_n-768x567.jpg 768w, https:\/\/crossfitkriden.com\/wp-content\/uploads\/2024\/11\/462578473_1112548133565604_1112058513150570392_n-1024x755.jpg 1024w, https:\/\/crossfitkriden.com\/wp-content\/uploads\/2024\/11\/462578473_1112548133565604_1112058513150570392_n.jpg 1079w\" sizes=\"(max-width: 300px) 100vw, 300px\" \/><\/a>\n\t\t\t<\/div><\/figure><figure class='gallery-item'>\n\t\t\t<div class='gallery-icon landscape'>\n\t\t\t\t<a href='https:\/\/crossfitkriden.com\/wp-content\/uploads\/2024\/09\/457503985_527650399649696_109660495814283681_n.jpg'><img loading=\"lazy\" decoding=\"async\" width=\"300\" height=\"185\" src=\"https:\/\/crossfitkriden.com\/wp-content\/uploads\/2024\/09\/457503985_527650399649696_109660495814283681_n-300x185.jpg\" class=\"attachment-medium size-medium\" alt=\"\" srcset=\"https:\/\/crossfitkriden.com\/wp-content\/uploads\/2024\/09\/457503985_527650399649696_109660495814283681_n-300x185.jpg 300w, https:\/\/crossfitkriden.com\/wp-content\/uploads\/2024\/09\/457503985_527650399649696_109660495814283681_n-768x473.jpg 768w, https:\/\/crossfitkriden.com\/wp-content\/uploads\/2024\/09\/457503985_527650399649696_109660495814283681_n.jpg 897w\" sizes=\"(max-width: 300px) 100vw, 300px\" \/><\/a>\n\t\t\t<\/div><\/figure><figure class='gallery-item'>\n\t\t\t<div class='gallery-icon landscape'>\n\t\t\t\t<a href='https:\/\/crossfitkriden.com\/wp-content\/uploads\/2026\/03\/JULIEN-DT-Hyrox-founds.jpg'><img loading=\"lazy\" decoding=\"async\" width=\"300\" height=\"206\" src=\"https:\/\/crossfitkriden.com\/wp-content\/uploads\/2026\/03\/JULIEN-DT-Hyrox-founds-300x206.jpg\" class=\"attachment-medium size-medium\" alt=\"\" srcset=\"https:\/\/crossfitkriden.com\/wp-content\/uploads\/2026\/03\/JULIEN-DT-Hyrox-founds-300x206.jpg 300w, https:\/\/crossfitkriden.com\/wp-content\/uploads\/2026\/03\/JULIEN-DT-Hyrox-founds-1024x702.jpg 1024w, https:\/\/crossfitkriden.com\/wp-content\/uploads\/2026\/03\/JULIEN-DT-Hyrox-founds-768x526.jpg 768w, https:\/\/crossfitkriden.com\/wp-content\/uploads\/2026\/03\/JULIEN-DT-Hyrox-founds-1536x1052.jpg 1536w, https:\/\/crossfitkriden.com\/wp-content\/uploads\/2026\/03\/JULIEN-DT-Hyrox-founds.jpg 2048w\" sizes=\"(max-width: 300px) 100vw, 300px\" \/><\/a>\n\t\t\t<\/div><\/figure><figure class='gallery-item'>\n\t\t\t<div class='gallery-icon landscape'>\n\t\t\t\t<a href='https:\/\/crossfitkriden.com\/wp-content\/uploads\/2026\/03\/Ali-DiB-Hyrox-founds.jpg'><img loading=\"lazy\" decoding=\"async\" width=\"300\" height=\"211\" src=\"https:\/\/crossfitkriden.com\/wp-content\/uploads\/2026\/03\/Ali-DiB-Hyrox-founds-300x211.jpg\" class=\"attachment-medium size-medium\" alt=\"\" srcset=\"https:\/\/crossfitkriden.com\/wp-content\/uploads\/2026\/03\/Ali-DiB-Hyrox-founds-300x211.jpg 300w, https:\/\/crossfitkriden.com\/wp-content\/uploads\/2026\/03\/Ali-DiB-Hyrox-founds-1024x721.jpg 1024w, https:\/\/crossfitkriden.com\/wp-content\/uploads\/2026\/03\/Ali-DiB-Hyrox-founds-768x541.jpg 768w, https:\/\/crossfitkriden.com\/wp-content\/uploads\/2026\/03\/Ali-DiB-Hyrox-founds-1536x1082.jpg 1536w, https:\/\/crossfitkriden.com\/wp-content\/uploads\/2026\/03\/Ali-DiB-Hyrox-founds.jpg 2048w\" sizes=\"(max-width: 300px) 100vw, 300px\" \/><\/a>\n\t\t\t<\/div><\/figure>\n\t\t<\/div>\n\t\t\t\t\t\t\t\t<\/div>\n\t\t\t\t<\/div>\n\t\t\t\t\t<\/div>\n\t\t<\/div>\n\t\t\t\t\t<\/div>\n\t\t<\/section>\n\t\t\t\t<\/div>\n\t\t","protected":false},"excerpt":{"rendered":"<p>Nos coaches se forment et se mettent \u00e0 jour en permanence pour vous offrir le meilleur support dans votre pr\u00e9paration \u00e0 l&#8217;HYROX<\/p>\n","protected":false},"author":1,"featured_media":0,"parent":0,"menu_order":0,"comment_status":"closed","ping_status":"closed","template":"","meta":{"footnotes":""},"class_list":["post-844","page","type-page","status-publish","hentry"],"_links":{"self":[{"href":"https:\/\/crossfitkriden.com\/index.php\/wp-json\/wp\/v2\/pages\/844","targetHints":{"allow":["GET"]}}],"collection":[{"href":"https:\/\/crossfitkriden.com\/index.php\/wp-json\/wp\/v2\/pages"}],"about":[{"href":"https:\/\/crossfitkriden.com\/index.php\/wp-json\/wp\/v2\/types\/page"}],"author":[{"embeddable":true,"href":"https:\/\/crossfitkriden.com\/index.php\/wp-json\/wp\/v2\/users\/1"}],"replies":[{"embeddable":true,"href":"https:\/\/crossfitkriden.com\/index.php\/wp-json\/wp\/v2\/comments?post=844"}],"version-history":[{"count":13,"href":"https:\/\/crossfitkriden.com\/index.php\/wp-json\/wp\/v2\/pages\/844\/revisions"}],"predecessor-version":[{"id":1667,"href":"https:\/\/crossfitkriden.com\/index.php\/wp-json\/wp\/v2\/pages\/844\/revisions\/1667"}],"wp:attachment":[{"href":"https:\/\/crossfitkriden.com\/index.php\/wp-json\/wp\/v2\/media?parent=844"}],"curies":[{"name":"wp","href":"https:\/\/api.w.org\/{rel}","templated":true}]}}